{"id":147883,"date":"2025-11-15T18:02:00","date_gmt":"2025-11-15T17:02:00","guid":{"rendered":"https:\/\/zam.novoterm.pl\/index.php\/produkt\/lacznik-profili-poziomych-do-kabiny-hydromasazowej-kerra-oviedo-vigo-jukon-ivo-mia-presto\/"},"modified":"2026-04-15T01:20:40","modified_gmt":"2026-04-14T23:20:40","slug":"lacznik-profili-poziomych-do-kabiny-hydromasazowej-kerra-oviedo-vigo-jukon-ivo-mia-presto","status":"publish","type":"product","link":"https:\/\/zam.novoterm.pl\/index.php\/produkt\/lacznik-profili-poziomych-do-kabiny-hydromasazowej-kerra-oviedo-vigo-jukon-ivo-mia-presto\/","title":{"rendered":"\u0142\u0105cznik profili poziomych do kabiny hydromasa\u017cowej Kerra &#8222;Oviedo\/Vigo\/Jukon\/IVO\/MIA\/Presto&#8221;"},"content":{"rendered":"","protected":false},"excerpt":{"rendered":"","protected":false},"featured_media":147884,"comment_status":"closed","ping_status":"open","template":"","meta":[],"product_cat":[728,731],"product_tag":[],"_links":{"self":[{"href":"https:\/\/zam.novoterm.pl\/index.php\/wp-json\/wp\/v2\/product\/147883"}],"collection":[{"href":"https:\/\/zam.novoterm.pl\/index.php\/wp-json\/wp\/v2\/product"}],"about":[{"href":"https:\/\/zam.novoterm.pl\/index.php\/wp-json\/wp\/v2\/types\/product"}],"replies":[{"embeddable":true,"href":"https:\/\/zam.novoterm.pl\/index.php\/wp-json\/wp\/v2\/comments?post=147883"}],"wp:featuredmedia":[{"embeddable":true,"href":"https:\/\/zam.novoterm.pl\/index.php\/wp-json\/wp\/v2\/media\/147884"}],"wp:attachment":[{"href":"https:\/\/zam.novoterm.pl\/index.php\/wp-json\/wp\/v2\/media?parent=147883"}],"wp:term":[{"taxonomy":"product_cat","embeddable":true,"href":"https:\/\/zam.novoterm.pl\/index.php\/wp-json\/wp\/v2\/product_cat?post=147883"},{"taxonomy":"product_tag","embeddable":true,"href":"https:\/\/zam.novoterm.pl\/index.php\/wp-json\/wp\/v2\/product_tag?post=147883"}],"curies":[{"name":"wp","href":"https:\/\/api.w.org\/{rel}","templated":true}]}}