{"id":147881,"date":"2025-11-15T18:02:00","date_gmt":"2025-11-15T17:02:00","guid":{"rendered":"https:\/\/zam.novoterm.pl\/index.php\/produkt\/drazek-natrysku-do-kabiny-hydromasazowej-kerra-argo-fantasia\/"},"modified":"2026-04-15T01:11:12","modified_gmt":"2026-04-14T23:11:12","slug":"drazek-natrysku-do-kabiny-hydromasazowej-kerra-argo-fantasia","status":"publish","type":"product","link":"https:\/\/zam.novoterm.pl\/index.php\/produkt\/drazek-natrysku-do-kabiny-hydromasazowej-kerra-argo-fantasia\/","title":{"rendered":"dr\u0105\u017cek natrysku do kabiny hydromasa\u017cowej Kerra &#8222;Argo\/Fantasia&#8221;"},"content":{"rendered":"","protected":false},"excerpt":{"rendered":"","protected":false},"featured_media":147882,"comment_status":"closed","ping_status":"open","template":"","meta":[],"product_cat":[728,731],"product_tag":[],"_links":{"self":[{"href":"https:\/\/zam.novoterm.pl\/index.php\/wp-json\/wp\/v2\/product\/147881"}],"collection":[{"href":"https:\/\/zam.novoterm.pl\/index.php\/wp-json\/wp\/v2\/product"}],"about":[{"href":"https:\/\/zam.novoterm.pl\/index.php\/wp-json\/wp\/v2\/types\/product"}],"replies":[{"embeddable":true,"href":"https:\/\/zam.novoterm.pl\/index.php\/wp-json\/wp\/v2\/comments?post=147881"}],"wp:featuredmedia":[{"embeddable":true,"href":"https:\/\/zam.novoterm.pl\/index.php\/wp-json\/wp\/v2\/media\/147882"}],"wp:attachment":[{"href":"https:\/\/zam.novoterm.pl\/index.php\/wp-json\/wp\/v2\/media?parent=147881"}],"wp:term":[{"taxonomy":"product_cat","embeddable":true,"href":"https:\/\/zam.novoterm.pl\/index.php\/wp-json\/wp\/v2\/product_cat?post=147881"},{"taxonomy":"product_tag","embeddable":true,"href":"https:\/\/zam.novoterm.pl\/index.php\/wp-json\/wp\/v2\/product_tag?post=147881"}],"curies":[{"name":"wp","href":"https:\/\/api.w.org\/{rel}","templated":true}]}}