{"id":147871,"date":"2025-11-15T17:50:40","date_gmt":"2025-11-15T16:50:40","guid":{"rendered":"https:\/\/zam.novoterm.pl\/index.php\/produkt\/miska-wc-podwieszana-delos-blm-z-deska-czarna-polmat\/"},"modified":"2026-04-15T01:30:35","modified_gmt":"2026-04-14T23:30:35","slug":"miska-wc-podwieszana-delos-blm-z-deska-czarna-polmat","status":"publish","type":"product","link":"https:\/\/zam.novoterm.pl\/index.php\/produkt\/miska-wc-podwieszana-delos-blm-z-deska-czarna-polmat\/","title":{"rendered":"Miska WC podwieszana Delos BLM z desk\u0105 (czarna p\u00f3\u0142mat)"},"content":{"rendered":"","protected":false},"excerpt":{"rendered":"","protected":false},"featured_media":147872,"comment_status":"closed","ping_status":"open","template":"","meta":[],"product_cat":[749,748,750,819],"product_tag":[],"_links":{"self":[{"href":"https:\/\/zam.novoterm.pl\/index.php\/wp-json\/wp\/v2\/product\/147871"}],"collection":[{"href":"https:\/\/zam.novoterm.pl\/index.php\/wp-json\/wp\/v2\/product"}],"about":[{"href":"https:\/\/zam.novoterm.pl\/index.php\/wp-json\/wp\/v2\/types\/product"}],"replies":[{"embeddable":true,"href":"https:\/\/zam.novoterm.pl\/index.php\/wp-json\/wp\/v2\/comments?post=147871"}],"wp:featuredmedia":[{"embeddable":true,"href":"https:\/\/zam.novoterm.pl\/index.php\/wp-json\/wp\/v2\/media\/147872"}],"wp:attachment":[{"href":"https:\/\/zam.novoterm.pl\/index.php\/wp-json\/wp\/v2\/media?parent=147871"}],"wp:term":[{"taxonomy":"product_cat","embeddable":true,"href":"https:\/\/zam.novoterm.pl\/index.php\/wp-json\/wp\/v2\/product_cat?post=147871"},{"taxonomy":"product_tag","embeddable":true,"href":"https:\/\/zam.novoterm.pl\/index.php\/wp-json\/wp\/v2\/product_tag?post=147871"}],"curies":[{"name":"wp","href":"https:\/\/api.w.org\/{rel}","templated":true}]}}