{"id":145742,"date":"2025-10-08T18:22:01","date_gmt":"2025-10-08T16:22:01","guid":{"rendered":"https:\/\/zam.novoterm.pl\/index.php\/produkt\/kolko-do-klimatyzatora-przenosnego-focus-sky-5a\/"},"modified":"2026-04-15T01:31:06","modified_gmt":"2026-04-14T23:31:06","slug":"kolko-do-klimatyzatora-przenosnego-focus-sky-5a","status":"publish","type":"product","link":"https:\/\/zam.novoterm.pl\/index.php\/produkt\/kolko-do-klimatyzatora-przenosnego-focus-sky-5a\/","title":{"rendered":"k\u00f3\u0142ko do klimatyzatora przeno\u015bnego Focus SKY-5A"},"content":{"rendered":"","protected":false},"excerpt":{"rendered":"","protected":false},"featured_media":145743,"comment_status":"closed","ping_status":"open","template":"","meta":[],"product_cat":[842,728],"product_tag":[],"_links":{"self":[{"href":"https:\/\/zam.novoterm.pl\/index.php\/wp-json\/wp\/v2\/product\/145742"}],"collection":[{"href":"https:\/\/zam.novoterm.pl\/index.php\/wp-json\/wp\/v2\/product"}],"about":[{"href":"https:\/\/zam.novoterm.pl\/index.php\/wp-json\/wp\/v2\/types\/product"}],"replies":[{"embeddable":true,"href":"https:\/\/zam.novoterm.pl\/index.php\/wp-json\/wp\/v2\/comments?post=145742"}],"wp:featuredmedia":[{"embeddable":true,"href":"https:\/\/zam.novoterm.pl\/index.php\/wp-json\/wp\/v2\/media\/145743"}],"wp:attachment":[{"href":"https:\/\/zam.novoterm.pl\/index.php\/wp-json\/wp\/v2\/media?parent=145742"}],"wp:term":[{"taxonomy":"product_cat","embeddable":true,"href":"https:\/\/zam.novoterm.pl\/index.php\/wp-json\/wp\/v2\/product_cat?post=145742"},{"taxonomy":"product_tag","embeddable":true,"href":"https:\/\/zam.novoterm.pl\/index.php\/wp-json\/wp\/v2\/product_tag?post=145742"}],"curies":[{"name":"wp","href":"https:\/\/api.w.org\/{rel}","templated":true}]}}