{"id":145733,"date":"2025-10-08T18:21:54","date_gmt":"2025-10-08T16:21:54","guid":{"rendered":"https:\/\/zam.novoterm.pl\/index.php\/produkt\/plytka-sterujaca-do-klimatyzatora-przenosnego-focus-sky-3a\/"},"modified":"2026-04-15T01:31:03","modified_gmt":"2026-04-14T23:31:03","slug":"plytka-sterujaca-do-klimatyzatora-przenosnego-focus-sky-3a","status":"publish","type":"product","link":"https:\/\/zam.novoterm.pl\/index.php\/produkt\/plytka-sterujaca-do-klimatyzatora-przenosnego-focus-sky-3a\/","title":{"rendered":"p\u0142ytka steruj\u0105ca do klimatyzatora przeno\u015bnego Focus SKY-3A"},"content":{"rendered":"","protected":false},"excerpt":{"rendered":"","protected":false},"featured_media":145734,"comment_status":"closed","ping_status":"open","template":"","meta":[],"product_cat":[842,728],"product_tag":[],"_links":{"self":[{"href":"https:\/\/zam.novoterm.pl\/index.php\/wp-json\/wp\/v2\/product\/145733"}],"collection":[{"href":"https:\/\/zam.novoterm.pl\/index.php\/wp-json\/wp\/v2\/product"}],"about":[{"href":"https:\/\/zam.novoterm.pl\/index.php\/wp-json\/wp\/v2\/types\/product"}],"replies":[{"embeddable":true,"href":"https:\/\/zam.novoterm.pl\/index.php\/wp-json\/wp\/v2\/comments?post=145733"}],"wp:featuredmedia":[{"embeddable":true,"href":"https:\/\/zam.novoterm.pl\/index.php\/wp-json\/wp\/v2\/media\/145734"}],"wp:attachment":[{"href":"https:\/\/zam.novoterm.pl\/index.php\/wp-json\/wp\/v2\/media?parent=145733"}],"wp:term":[{"taxonomy":"product_cat","embeddable":true,"href":"https:\/\/zam.novoterm.pl\/index.php\/wp-json\/wp\/v2\/product_cat?post=145733"},{"taxonomy":"product_tag","embeddable":true,"href":"https:\/\/zam.novoterm.pl\/index.php\/wp-json\/wp\/v2\/product_tag?post=145733"}],"curies":[{"name":"wp","href":"https:\/\/api.w.org\/{rel}","templated":true}]}}