{"id":145631,"date":"2025-10-07T18:21:40","date_gmt":"2025-10-07T16:21:40","guid":{"rendered":"https:\/\/zam.novoterm.pl\/index.php\/produkt\/dysza-masazowa-koncowa-kabiny-hydromasazowej-natryskowej-kerra-duet-sonea-spa-twin-wersja-2\/"},"modified":"2026-04-13T18:20:59","modified_gmt":"2026-04-13T16:20:59","slug":"dysza-masazowa-koncowa-kabiny-hydromasazowej-natryskowej-kerra-duet-sonea-spa-twin-wersja-2","status":"publish","type":"product","link":"https:\/\/zam.novoterm.pl\/index.php\/produkt\/dysza-masazowa-koncowa-kabiny-hydromasazowej-natryskowej-kerra-duet-sonea-spa-twin-wersja-2\/","title":{"rendered":"dysza masa\u017cowa ko\u0144cowa kabiny hydromasa\u017cowej\/natryskowej Kerra Duet\/Sonea\/Spa\/Twin &#8211; wersja 2"},"content":{"rendered":"","protected":false},"excerpt":{"rendered":"","protected":false},"featured_media":145632,"comment_status":"closed","ping_status":"open","template":"","meta":[],"product_cat":[728,731,737],"product_tag":[],"_links":{"self":[{"href":"https:\/\/zam.novoterm.pl\/index.php\/wp-json\/wp\/v2\/product\/145631"}],"collection":[{"href":"https:\/\/zam.novoterm.pl\/index.php\/wp-json\/wp\/v2\/product"}],"about":[{"href":"https:\/\/zam.novoterm.pl\/index.php\/wp-json\/wp\/v2\/types\/product"}],"replies":[{"embeddable":true,"href":"https:\/\/zam.novoterm.pl\/index.php\/wp-json\/wp\/v2\/comments?post=145631"}],"wp:featuredmedia":[{"embeddable":true,"href":"https:\/\/zam.novoterm.pl\/index.php\/wp-json\/wp\/v2\/media\/145632"}],"wp:attachment":[{"href":"https:\/\/zam.novoterm.pl\/index.php\/wp-json\/wp\/v2\/media?parent=145631"}],"wp:term":[{"taxonomy":"product_cat","embeddable":true,"href":"https:\/\/zam.novoterm.pl\/index.php\/wp-json\/wp\/v2\/product_cat?post=145631"},{"taxonomy":"product_tag","embeddable":true,"href":"https:\/\/zam.novoterm.pl\/index.php\/wp-json\/wp\/v2\/product_tag?post=145631"}],"curies":[{"name":"wp","href":"https:\/\/api.w.org\/{rel}","templated":true}]}}