{"id":142833,"date":"2025-08-14T18:20:35","date_gmt":"2025-08-14T16:20:35","guid":{"rendered":"https:\/\/zam.novoterm.pl\/index.php\/produkt\/komplet-wkretow-do-montazu-kabiny-natryskowej-kerra-long-ch\/"},"modified":"2026-04-15T01:41:46","modified_gmt":"2026-04-14T23:41:46","slug":"komplet-wkretow-do-montazu-kabiny-natryskowej-kerra-long-ch","status":"publish","type":"product","link":"https:\/\/zam.novoterm.pl\/index.php\/produkt\/komplet-wkretow-do-montazu-kabiny-natryskowej-kerra-long-ch\/","title":{"rendered":"komplet wkr\u0119t\u00f3w do monta\u017cu kabiny natryskowej Kerra Long CH"},"content":{"rendered":"","protected":false},"excerpt":{"rendered":"","protected":false},"featured_media":142834,"comment_status":"closed","ping_status":"open","template":"","meta":[],"product_cat":[728,737],"product_tag":[],"_links":{"self":[{"href":"https:\/\/zam.novoterm.pl\/index.php\/wp-json\/wp\/v2\/product\/142833"}],"collection":[{"href":"https:\/\/zam.novoterm.pl\/index.php\/wp-json\/wp\/v2\/product"}],"about":[{"href":"https:\/\/zam.novoterm.pl\/index.php\/wp-json\/wp\/v2\/types\/product"}],"replies":[{"embeddable":true,"href":"https:\/\/zam.novoterm.pl\/index.php\/wp-json\/wp\/v2\/comments?post=142833"}],"wp:featuredmedia":[{"embeddable":true,"href":"https:\/\/zam.novoterm.pl\/index.php\/wp-json\/wp\/v2\/media\/142834"}],"wp:attachment":[{"href":"https:\/\/zam.novoterm.pl\/index.php\/wp-json\/wp\/v2\/media?parent=142833"}],"wp:term":[{"taxonomy":"product_cat","embeddable":true,"href":"https:\/\/zam.novoterm.pl\/index.php\/wp-json\/wp\/v2\/product_cat?post=142833"},{"taxonomy":"product_tag","embeddable":true,"href":"https:\/\/zam.novoterm.pl\/index.php\/wp-json\/wp\/v2\/product_tag?post=142833"}],"curies":[{"name":"wp","href":"https:\/\/api.w.org\/{rel}","templated":true}]}}