{"id":142819,"date":"2025-08-14T18:20:30","date_gmt":"2025-08-14T16:20:30","guid":{"rendered":"https:\/\/zam.novoterm.pl\/index.php\/produkt\/duza-dysza-hydromasazowa-do-wanny-z-hydromasazem-kerra-sara\/"},"modified":"2026-04-08T18:30:45","modified_gmt":"2026-04-08T16:30:45","slug":"duza-dysza-hydromasazowa-do-wanny-z-hydromasazem-kerra-sara","status":"publish","type":"product","link":"https:\/\/zam.novoterm.pl\/index.php\/produkt\/duza-dysza-hydromasazowa-do-wanny-z-hydromasazem-kerra-sara\/","title":{"rendered":"du\u017ca dysza hydromasa\u017cowa do wanny z hydromasa\u017cem Kerra Sara"},"content":{"rendered":"","protected":false},"excerpt":{"rendered":"","protected":false},"featured_media":142820,"comment_status":"closed","ping_status":"open","template":"","meta":[],"product_cat":[728,736],"product_tag":[],"_links":{"self":[{"href":"https:\/\/zam.novoterm.pl\/index.php\/wp-json\/wp\/v2\/product\/142819"}],"collection":[{"href":"https:\/\/zam.novoterm.pl\/index.php\/wp-json\/wp\/v2\/product"}],"about":[{"href":"https:\/\/zam.novoterm.pl\/index.php\/wp-json\/wp\/v2\/types\/product"}],"replies":[{"embeddable":true,"href":"https:\/\/zam.novoterm.pl\/index.php\/wp-json\/wp\/v2\/comments?post=142819"}],"wp:featuredmedia":[{"embeddable":true,"href":"https:\/\/zam.novoterm.pl\/index.php\/wp-json\/wp\/v2\/media\/142820"}],"wp:attachment":[{"href":"https:\/\/zam.novoterm.pl\/index.php\/wp-json\/wp\/v2\/media?parent=142819"}],"wp:term":[{"taxonomy":"product_cat","embeddable":true,"href":"https:\/\/zam.novoterm.pl\/index.php\/wp-json\/wp\/v2\/product_cat?post=142819"},{"taxonomy":"product_tag","embeddable":true,"href":"https:\/\/zam.novoterm.pl\/index.php\/wp-json\/wp\/v2\/product_tag?post=142819"}],"curies":[{"name":"wp","href":"https:\/\/api.w.org\/{rel}","templated":true}]}}