{"id":141796,"date":"2025-07-25T13:11:02","date_gmt":"2025-07-25T11:11:02","guid":{"rendered":"https:\/\/zam.novoterm.pl\/index.php\/produkt\/komplet-wkretow-do-montazu-kabiny-natryskowej-kerra-vibe-90\/"},"modified":"2026-04-10T01:40:06","modified_gmt":"2026-04-09T23:40:06","slug":"komplet-wkretow-do-montazu-kabiny-natryskowej-kerra-vibe-90","status":"publish","type":"product","link":"https:\/\/zam.novoterm.pl\/index.php\/produkt\/komplet-wkretow-do-montazu-kabiny-natryskowej-kerra-vibe-90\/","title":{"rendered":"komplet wkr\u0119t\u00f3w do monta\u017cu kabiny natryskowej Kerra &#8222;Vibe 90&#8221;"},"content":{"rendered":"","protected":false},"excerpt":{"rendered":"","protected":false},"featured_media":141797,"comment_status":"closed","ping_status":"open","template":"","meta":[],"product_cat":[728,737],"product_tag":[],"_links":{"self":[{"href":"https:\/\/zam.novoterm.pl\/index.php\/wp-json\/wp\/v2\/product\/141796"}],"collection":[{"href":"https:\/\/zam.novoterm.pl\/index.php\/wp-json\/wp\/v2\/product"}],"about":[{"href":"https:\/\/zam.novoterm.pl\/index.php\/wp-json\/wp\/v2\/types\/product"}],"replies":[{"embeddable":true,"href":"https:\/\/zam.novoterm.pl\/index.php\/wp-json\/wp\/v2\/comments?post=141796"}],"wp:featuredmedia":[{"embeddable":true,"href":"https:\/\/zam.novoterm.pl\/index.php\/wp-json\/wp\/v2\/media\/141797"}],"wp:attachment":[{"href":"https:\/\/zam.novoterm.pl\/index.php\/wp-json\/wp\/v2\/media?parent=141796"}],"wp:term":[{"taxonomy":"product_cat","embeddable":true,"href":"https:\/\/zam.novoterm.pl\/index.php\/wp-json\/wp\/v2\/product_cat?post=141796"},{"taxonomy":"product_tag","embeddable":true,"href":"https:\/\/zam.novoterm.pl\/index.php\/wp-json\/wp\/v2\/product_tag?post=141796"}],"curies":[{"name":"wp","href":"https:\/\/api.w.org\/{rel}","templated":true}]}}