{"id":141794,"date":"2025-07-25T13:10:59","date_gmt":"2025-07-25T11:10:59","guid":{"rendered":"https:\/\/zam.novoterm.pl\/index.php\/produkt\/komplet-wkretow-do-montazu-kabiny-natryskowej-kerra-metro-90\/"},"modified":"2026-04-10T07:50:32","modified_gmt":"2026-04-10T05:50:32","slug":"komplet-wkretow-do-montazu-kabiny-natryskowej-kerra-metro-90","status":"publish","type":"product","link":"https:\/\/zam.novoterm.pl\/index.php\/produkt\/komplet-wkretow-do-montazu-kabiny-natryskowej-kerra-metro-90\/","title":{"rendered":"komplet wkr\u0119t\u00f3w do monta\u017cu kabiny natryskowej Kerra &#8222;Metro 90&#8221;"},"content":{"rendered":"","protected":false},"excerpt":{"rendered":"","protected":false},"featured_media":141795,"comment_status":"closed","ping_status":"open","template":"","meta":[],"product_cat":[728,737],"product_tag":[],"_links":{"self":[{"href":"https:\/\/zam.novoterm.pl\/index.php\/wp-json\/wp\/v2\/product\/141794"}],"collection":[{"href":"https:\/\/zam.novoterm.pl\/index.php\/wp-json\/wp\/v2\/product"}],"about":[{"href":"https:\/\/zam.novoterm.pl\/index.php\/wp-json\/wp\/v2\/types\/product"}],"replies":[{"embeddable":true,"href":"https:\/\/zam.novoterm.pl\/index.php\/wp-json\/wp\/v2\/comments?post=141794"}],"wp:featuredmedia":[{"embeddable":true,"href":"https:\/\/zam.novoterm.pl\/index.php\/wp-json\/wp\/v2\/media\/141795"}],"wp:attachment":[{"href":"https:\/\/zam.novoterm.pl\/index.php\/wp-json\/wp\/v2\/media?parent=141794"}],"wp:term":[{"taxonomy":"product_cat","embeddable":true,"href":"https:\/\/zam.novoterm.pl\/index.php\/wp-json\/wp\/v2\/product_cat?post=141794"},{"taxonomy":"product_tag","embeddable":true,"href":"https:\/\/zam.novoterm.pl\/index.php\/wp-json\/wp\/v2\/product_tag?post=141794"}],"curies":[{"name":"wp","href":"https:\/\/api.w.org\/{rel}","templated":true}]}}