{"id":138472,"date":"2025-05-17T18:11:04","date_gmt":"2025-05-17T16:11:04","guid":{"rendered":"https:\/\/zam.novoterm.pl\/index.php\/produkt\/komplet-wkretow-do-montazu-kabiny-hydromasazowej-kerra-cristina-kalina-karolina-kornelia-santos\/"},"modified":"2026-04-08T01:11:49","modified_gmt":"2026-04-07T23:11:49","slug":"komplet-wkretow-do-montazu-kabiny-hydromasazowej-kerra-cristina-kalina-karolina-kornelia-santos","status":"publish","type":"product","link":"https:\/\/zam.novoterm.pl\/index.php\/produkt\/komplet-wkretow-do-montazu-kabiny-hydromasazowej-kerra-cristina-kalina-karolina-kornelia-santos\/","title":{"rendered":"komplet wkr\u0119t\u00f3w do monta\u017cu kabiny hydromasa\u017cowej Kerra Cristina\/Kalina\/Karolina\/Kornelia\/Santos"},"content":{"rendered":"","protected":false},"excerpt":{"rendered":"","protected":false},"featured_media":138473,"comment_status":"closed","ping_status":"open","template":"","meta":[],"product_cat":[728,731],"product_tag":[],"_links":{"self":[{"href":"https:\/\/zam.novoterm.pl\/index.php\/wp-json\/wp\/v2\/product\/138472"}],"collection":[{"href":"https:\/\/zam.novoterm.pl\/index.php\/wp-json\/wp\/v2\/product"}],"about":[{"href":"https:\/\/zam.novoterm.pl\/index.php\/wp-json\/wp\/v2\/types\/product"}],"replies":[{"embeddable":true,"href":"https:\/\/zam.novoterm.pl\/index.php\/wp-json\/wp\/v2\/comments?post=138472"}],"wp:featuredmedia":[{"embeddable":true,"href":"https:\/\/zam.novoterm.pl\/index.php\/wp-json\/wp\/v2\/media\/138473"}],"wp:attachment":[{"href":"https:\/\/zam.novoterm.pl\/index.php\/wp-json\/wp\/v2\/media?parent=138472"}],"wp:term":[{"taxonomy":"product_cat","embeddable":true,"href":"https:\/\/zam.novoterm.pl\/index.php\/wp-json\/wp\/v2\/product_cat?post=138472"},{"taxonomy":"product_tag","embeddable":true,"href":"https:\/\/zam.novoterm.pl\/index.php\/wp-json\/wp\/v2\/product_tag?post=138472"}],"curies":[{"name":"wp","href":"https:\/\/api.w.org\/{rel}","templated":true}]}}