{"id":135425,"date":"2025-03-13T18:21:14","date_gmt":"2025-03-13T17:21:14","guid":{"rendered":"https:\/\/zam.novoterm.pl\/index.php\/produkt\/waz-natryskowy-snake-10-150-pcv-bialy-chrom\/"},"modified":"2026-04-12T01:40:59","modified_gmt":"2026-04-11T23:40:59","slug":"waz-natryskowy-snake-10-150-pcv-bialy-chrom","status":"publish","type":"product","link":"https:\/\/zam.novoterm.pl\/index.php\/produkt\/waz-natryskowy-snake-10-150-pcv-bialy-chrom\/","title":{"rendered":"W\u0105\u017c natryskowy Snake 10 (150 PCV, bia\u0142y-chrom)"},"content":{"rendered":"","protected":false},"excerpt":{"rendered":"","protected":false},"featured_media":135426,"comment_status":"closed","ping_status":"open","template":"","meta":[],"product_cat":[748,790,794],"product_tag":[],"_links":{"self":[{"href":"https:\/\/zam.novoterm.pl\/index.php\/wp-json\/wp\/v2\/product\/135425"}],"collection":[{"href":"https:\/\/zam.novoterm.pl\/index.php\/wp-json\/wp\/v2\/product"}],"about":[{"href":"https:\/\/zam.novoterm.pl\/index.php\/wp-json\/wp\/v2\/types\/product"}],"replies":[{"embeddable":true,"href":"https:\/\/zam.novoterm.pl\/index.php\/wp-json\/wp\/v2\/comments?post=135425"}],"wp:featuredmedia":[{"embeddable":true,"href":"https:\/\/zam.novoterm.pl\/index.php\/wp-json\/wp\/v2\/media\/135426"}],"wp:attachment":[{"href":"https:\/\/zam.novoterm.pl\/index.php\/wp-json\/wp\/v2\/media?parent=135425"}],"wp:term":[{"taxonomy":"product_cat","embeddable":true,"href":"https:\/\/zam.novoterm.pl\/index.php\/wp-json\/wp\/v2\/product_cat?post=135425"},{"taxonomy":"product_tag","embeddable":true,"href":"https:\/\/zam.novoterm.pl\/index.php\/wp-json\/wp\/v2\/product_tag?post=135425"}],"curies":[{"name":"wp","href":"https:\/\/api.w.org\/{rel}","templated":true}]}}