{"id":132245,"date":"2025-01-09T18:20:29","date_gmt":"2025-01-09T17:20:29","guid":{"rendered":"https:\/\/zam.novoterm.pl\/index.php\/produkt\/glowica-przelacznika-funkcji-do-panelu-prysznicowego-kerra-erik\/"},"modified":"2026-04-08T01:21:13","modified_gmt":"2026-04-07T23:21:13","slug":"glowica-przelacznika-funkcji-do-panelu-prysznicowego-kerra-erik","status":"publish","type":"product","link":"https:\/\/zam.novoterm.pl\/index.php\/produkt\/glowica-przelacznika-funkcji-do-panelu-prysznicowego-kerra-erik\/","title":{"rendered":"g\u0142owica prze\u0142\u0105cznika funkcji do panelu prysznicowego Kerra &#8222;Erik&#8221;"},"content":{"rendered":"","protected":false},"excerpt":{"rendered":"","protected":false},"featured_media":132246,"comment_status":"closed","ping_status":"open","template":"","meta":[],"product_cat":[728,735],"product_tag":[],"_links":{"self":[{"href":"https:\/\/zam.novoterm.pl\/index.php\/wp-json\/wp\/v2\/product\/132245"}],"collection":[{"href":"https:\/\/zam.novoterm.pl\/index.php\/wp-json\/wp\/v2\/product"}],"about":[{"href":"https:\/\/zam.novoterm.pl\/index.php\/wp-json\/wp\/v2\/types\/product"}],"replies":[{"embeddable":true,"href":"https:\/\/zam.novoterm.pl\/index.php\/wp-json\/wp\/v2\/comments?post=132245"}],"wp:featuredmedia":[{"embeddable":true,"href":"https:\/\/zam.novoterm.pl\/index.php\/wp-json\/wp\/v2\/media\/132246"}],"wp:attachment":[{"href":"https:\/\/zam.novoterm.pl\/index.php\/wp-json\/wp\/v2\/media?parent=132245"}],"wp:term":[{"taxonomy":"product_cat","embeddable":true,"href":"https:\/\/zam.novoterm.pl\/index.php\/wp-json\/wp\/v2\/product_cat?post=132245"},{"taxonomy":"product_tag","embeddable":true,"href":"https:\/\/zam.novoterm.pl\/index.php\/wp-json\/wp\/v2\/product_tag?post=132245"}],"curies":[{"name":"wp","href":"https:\/\/api.w.org\/{rel}","templated":true}]}}