{"id":118236,"date":"2024-11-07T20:20:26","date_gmt":"2024-11-07T19:20:26","guid":{"rendered":"https:\/\/zam.novoterm.pl\/index.php\/produkt\/uchwyt-scienny-polki-do-kabiny-natryskowej-walk-in-kerra-beta\/"},"modified":"2026-04-08T01:10:40","modified_gmt":"2026-04-07T23:10:40","slug":"uchwyt-scienny-polki-do-kabiny-natryskowej-walk-in-kerra-beta","status":"publish","type":"product","link":"https:\/\/zam.novoterm.pl\/index.php\/produkt\/uchwyt-scienny-polki-do-kabiny-natryskowej-walk-in-kerra-beta\/","title":{"rendered":"uchwyt \u015bcienny p\u00f3\u0142ki do kabiny natryskowej walk-in Kerra &#8222;Beta&#8221;"},"content":{"rendered":"","protected":false},"excerpt":{"rendered":"","protected":false},"featured_media":127700,"comment_status":"closed","ping_status":"open","template":"","meta":[],"product_cat":[728,738,731,737],"product_tag":[],"_links":{"self":[{"href":"https:\/\/zam.novoterm.pl\/index.php\/wp-json\/wp\/v2\/product\/118236"}],"collection":[{"href":"https:\/\/zam.novoterm.pl\/index.php\/wp-json\/wp\/v2\/product"}],"about":[{"href":"https:\/\/zam.novoterm.pl\/index.php\/wp-json\/wp\/v2\/types\/product"}],"replies":[{"embeddable":true,"href":"https:\/\/zam.novoterm.pl\/index.php\/wp-json\/wp\/v2\/comments?post=118236"}],"wp:featuredmedia":[{"embeddable":true,"href":"https:\/\/zam.novoterm.pl\/index.php\/wp-json\/wp\/v2\/media\/127700"}],"wp:attachment":[{"href":"https:\/\/zam.novoterm.pl\/index.php\/wp-json\/wp\/v2\/media?parent=118236"}],"wp:term":[{"taxonomy":"product_cat","embeddable":true,"href":"https:\/\/zam.novoterm.pl\/index.php\/wp-json\/wp\/v2\/product_cat?post=118236"},{"taxonomy":"product_tag","embeddable":true,"href":"https:\/\/zam.novoterm.pl\/index.php\/wp-json\/wp\/v2\/product_tag?post=118236"}],"curies":[{"name":"wp","href":"https:\/\/api.w.org\/{rel}","templated":true}]}}