{"id":117945,"date":"2024-10-31T20:50:37","date_gmt":"2024-10-31T19:50:37","guid":{"rendered":"https:\/\/zam.novoterm.pl\/index.php\/produkt\/polka-do-kabiny-hydromasazowej-kerra-aruba-silver-diamond-lux\/"},"modified":"2026-04-08T18:21:02","modified_gmt":"2026-04-08T16:21:02","slug":"polka-do-kabiny-hydromasazowej-kerra-aruba-silver-diamond-lux","status":"publish","type":"product","link":"https:\/\/zam.novoterm.pl\/index.php\/produkt\/polka-do-kabiny-hydromasazowej-kerra-aruba-silver-diamond-lux\/","title":{"rendered":"p\u00f3\u0142ka do kabiny hydromasa\u017cowej Kerra &#8222;Aruba\/Silver Diamond Lux&#8221;"},"content":{"rendered":"","protected":false},"excerpt":{"rendered":"","protected":false},"featured_media":127666,"comment_status":"closed","ping_status":"open","template":"","meta":[],"product_cat":[728,731],"product_tag":[],"_links":{"self":[{"href":"https:\/\/zam.novoterm.pl\/index.php\/wp-json\/wp\/v2\/product\/117945"}],"collection":[{"href":"https:\/\/zam.novoterm.pl\/index.php\/wp-json\/wp\/v2\/product"}],"about":[{"href":"https:\/\/zam.novoterm.pl\/index.php\/wp-json\/wp\/v2\/types\/product"}],"replies":[{"embeddable":true,"href":"https:\/\/zam.novoterm.pl\/index.php\/wp-json\/wp\/v2\/comments?post=117945"}],"wp:featuredmedia":[{"embeddable":true,"href":"https:\/\/zam.novoterm.pl\/index.php\/wp-json\/wp\/v2\/media\/127666"}],"wp:attachment":[{"href":"https:\/\/zam.novoterm.pl\/index.php\/wp-json\/wp\/v2\/media?parent=117945"}],"wp:term":[{"taxonomy":"product_cat","embeddable":true,"href":"https:\/\/zam.novoterm.pl\/index.php\/wp-json\/wp\/v2\/product_cat?post=117945"},{"taxonomy":"product_tag","embeddable":true,"href":"https:\/\/zam.novoterm.pl\/index.php\/wp-json\/wp\/v2\/product_tag?post=117945"}],"curies":[{"name":"wp","href":"https:\/\/api.w.org\/{rel}","templated":true}]}}