{"id":117654,"date":"2024-10-24T20:20:12","date_gmt":"2024-10-24T18:20:12","guid":{"rendered":"https:\/\/zam.novoterm.pl\/index.php\/produkt\/wewnetrzny-waz-zasilajacy-do-stelaza-podtynkowego-kerra-k-50-k-50-fit-ocean-spring-summer\/"},"modified":"2026-04-09T18:20:59","modified_gmt":"2026-04-09T16:20:59","slug":"wewnetrzny-waz-zasilajacy-do-stelaza-podtynkowego-kerra-k-50-k-50-fit-ocean-spring-summer","status":"publish","type":"product","link":"https:\/\/zam.novoterm.pl\/index.php\/produkt\/wewnetrzny-waz-zasilajacy-do-stelaza-podtynkowego-kerra-k-50-k-50-fit-ocean-spring-summer\/","title":{"rendered":"wewn\u0119trzny w\u0105\u017c zasilaj\u0105cy do stela\u017ca podtynkowego Kerra &#8222;K 50\/K 50 FIT\/Ocean\/Spring\/Summer&#8221;"},"content":{"rendered":"","protected":false},"excerpt":{"rendered":"","protected":false},"featured_media":127644,"comment_status":"closed","ping_status":"open","template":"","meta":[],"product_cat":[728,729],"product_tag":[],"_links":{"self":[{"href":"https:\/\/zam.novoterm.pl\/index.php\/wp-json\/wp\/v2\/product\/117654"}],"collection":[{"href":"https:\/\/zam.novoterm.pl\/index.php\/wp-json\/wp\/v2\/product"}],"about":[{"href":"https:\/\/zam.novoterm.pl\/index.php\/wp-json\/wp\/v2\/types\/product"}],"replies":[{"embeddable":true,"href":"https:\/\/zam.novoterm.pl\/index.php\/wp-json\/wp\/v2\/comments?post=117654"}],"wp:featuredmedia":[{"embeddable":true,"href":"https:\/\/zam.novoterm.pl\/index.php\/wp-json\/wp\/v2\/media\/127644"}],"wp:attachment":[{"href":"https:\/\/zam.novoterm.pl\/index.php\/wp-json\/wp\/v2\/media?parent=117654"}],"wp:term":[{"taxonomy":"product_cat","embeddable":true,"href":"https:\/\/zam.novoterm.pl\/index.php\/wp-json\/wp\/v2\/product_cat?post=117654"},{"taxonomy":"product_tag","embeddable":true,"href":"https:\/\/zam.novoterm.pl\/index.php\/wp-json\/wp\/v2\/product_tag?post=117654"}],"curies":[{"name":"wp","href":"https:\/\/api.w.org\/{rel}","templated":true}]}}