{"id":116937,"date":"2024-10-10T20:11:09","date_gmt":"2024-10-10T18:11:09","guid":{"rendered":"https:\/\/zam.novoterm.pl\/index.php\/produkt\/komplet-wkretow-do-montazu-kabiny-natryskowej-kerra-premium-k-01\/"},"modified":"2026-04-08T01:20:42","modified_gmt":"2026-04-07T23:20:42","slug":"komplet-wkretow-do-montazu-kabiny-natryskowej-kerra-premium-k-01","status":"publish","type":"product","link":"https:\/\/zam.novoterm.pl\/index.php\/produkt\/komplet-wkretow-do-montazu-kabiny-natryskowej-kerra-premium-k-01\/","title":{"rendered":"komplet wkr\u0119t\u00f3w do monta\u017cu kabiny natryskowej Kerra &#8222;Premium K 01&#8221;"},"content":{"rendered":"","protected":false},"excerpt":{"rendered":"","protected":false},"featured_media":127588,"comment_status":"closed","ping_status":"open","template":"","meta":[],"product_cat":[728,737],"product_tag":[],"_links":{"self":[{"href":"https:\/\/zam.novoterm.pl\/index.php\/wp-json\/wp\/v2\/product\/116937"}],"collection":[{"href":"https:\/\/zam.novoterm.pl\/index.php\/wp-json\/wp\/v2\/product"}],"about":[{"href":"https:\/\/zam.novoterm.pl\/index.php\/wp-json\/wp\/v2\/types\/product"}],"replies":[{"embeddable":true,"href":"https:\/\/zam.novoterm.pl\/index.php\/wp-json\/wp\/v2\/comments?post=116937"}],"wp:featuredmedia":[{"embeddable":true,"href":"https:\/\/zam.novoterm.pl\/index.php\/wp-json\/wp\/v2\/media\/127588"}],"wp:attachment":[{"href":"https:\/\/zam.novoterm.pl\/index.php\/wp-json\/wp\/v2\/media?parent=116937"}],"wp:term":[{"taxonomy":"product_cat","embeddable":true,"href":"https:\/\/zam.novoterm.pl\/index.php\/wp-json\/wp\/v2\/product_cat?post=116937"},{"taxonomy":"product_tag","embeddable":true,"href":"https:\/\/zam.novoterm.pl\/index.php\/wp-json\/wp\/v2\/product_tag?post=116937"}],"curies":[{"name":"wp","href":"https:\/\/api.w.org\/{rel}","templated":true}]}}