{"id":114278,"date":"2024-08-05T19:20:31","date_gmt":"2024-08-05T17:20:31","guid":{"rendered":"https:\/\/zam.novoterm.pl\/index.php\/produkt\/zespol-wlacznikow-do-okapu-kuchennego-focus-fala-spark-bialy-white\/"},"modified":"2026-04-14T18:01:58","modified_gmt":"2026-04-14T16:01:58","slug":"zespol-wlacznikow-do-okapu-kuchennego-focus-fala-spark-bialy-white","status":"publish","type":"product","link":"https:\/\/zam.novoterm.pl\/index.php\/produkt\/zespol-wlacznikow-do-okapu-kuchennego-focus-fala-spark-bialy-white\/","title":{"rendered":"zesp\u00f3\u0142 w\u0142\u0105cznik\u00f3w do okapu kuchennego Focus &#8222;Fala\/Spark bia\u0142y (white)&#8221;"},"content":{"rendered":"","protected":false},"excerpt":{"rendered":"","protected":false},"featured_media":127431,"comment_status":"closed","ping_status":"open","template":"","meta":[],"product_cat":[842,728],"product_tag":[],"_links":{"self":[{"href":"https:\/\/zam.novoterm.pl\/index.php\/wp-json\/wp\/v2\/product\/114278"}],"collection":[{"href":"https:\/\/zam.novoterm.pl\/index.php\/wp-json\/wp\/v2\/product"}],"about":[{"href":"https:\/\/zam.novoterm.pl\/index.php\/wp-json\/wp\/v2\/types\/product"}],"replies":[{"embeddable":true,"href":"https:\/\/zam.novoterm.pl\/index.php\/wp-json\/wp\/v2\/comments?post=114278"}],"wp:featuredmedia":[{"embeddable":true,"href":"https:\/\/zam.novoterm.pl\/index.php\/wp-json\/wp\/v2\/media\/127431"}],"wp:attachment":[{"href":"https:\/\/zam.novoterm.pl\/index.php\/wp-json\/wp\/v2\/media?parent=114278"}],"wp:term":[{"taxonomy":"product_cat","embeddable":true,"href":"https:\/\/zam.novoterm.pl\/index.php\/wp-json\/wp\/v2\/product_cat?post=114278"},{"taxonomy":"product_tag","embeddable":true,"href":"https:\/\/zam.novoterm.pl\/index.php\/wp-json\/wp\/v2\/product_tag?post=114278"}],"curies":[{"name":"wp","href":"https:\/\/api.w.org\/{rel}","templated":true}]}}