{"id":114270,"date":"2024-08-05T19:20:26","date_gmt":"2024-08-05T17:20:26","guid":{"rendered":"https:\/\/zam.novoterm.pl\/index.php\/produkt\/plytka-polaczeniowa-sterujaca-do-okapu-kuchennego-focus-fala-spark\/"},"modified":"2026-04-12T18:01:59","modified_gmt":"2026-04-12T16:01:59","slug":"plytka-polaczeniowa-sterujaca-do-okapu-kuchennego-focus-fala-spark","status":"publish","type":"product","link":"https:\/\/zam.novoterm.pl\/index.php\/produkt\/plytka-polaczeniowa-sterujaca-do-okapu-kuchennego-focus-fala-spark\/","title":{"rendered":"p\u0142ytka po\u0142\u0105czeniowa\/steruj\u0105ca do okapu kuchennego Focus &#8222;Fala\/Spark&#8221;"},"content":{"rendered":"","protected":false},"excerpt":{"rendered":"","protected":false},"featured_media":127427,"comment_status":"closed","ping_status":"open","template":"","meta":[],"product_cat":[842,728],"product_tag":[],"_links":{"self":[{"href":"https:\/\/zam.novoterm.pl\/index.php\/wp-json\/wp\/v2\/product\/114270"}],"collection":[{"href":"https:\/\/zam.novoterm.pl\/index.php\/wp-json\/wp\/v2\/product"}],"about":[{"href":"https:\/\/zam.novoterm.pl\/index.php\/wp-json\/wp\/v2\/types\/product"}],"replies":[{"embeddable":true,"href":"https:\/\/zam.novoterm.pl\/index.php\/wp-json\/wp\/v2\/comments?post=114270"}],"wp:featuredmedia":[{"embeddable":true,"href":"https:\/\/zam.novoterm.pl\/index.php\/wp-json\/wp\/v2\/media\/127427"}],"wp:attachment":[{"href":"https:\/\/zam.novoterm.pl\/index.php\/wp-json\/wp\/v2\/media?parent=114270"}],"wp:term":[{"taxonomy":"product_cat","embeddable":true,"href":"https:\/\/zam.novoterm.pl\/index.php\/wp-json\/wp\/v2\/product_cat?post=114270"},{"taxonomy":"product_tag","embeddable":true,"href":"https:\/\/zam.novoterm.pl\/index.php\/wp-json\/wp\/v2\/product_tag?post=114270"}],"curies":[{"name":"wp","href":"https:\/\/api.w.org\/{rel}","templated":true}]}}