{"id":113900,"date":"2024-07-28T20:00:14","date_gmt":"2024-07-28T18:00:14","guid":{"rendered":"https:\/\/zam.novoterm.pl\/index.php\/produkt\/pret-gwintowany-m12-stelaza-brodzika-do-kabiny-hydromasazowej-kerra-malaga-xl-komplet\/"},"modified":"2026-04-10T01:20:23","modified_gmt":"2026-04-09T23:20:23","slug":"pret-gwintowany-m12-stelaza-brodzika-do-kabiny-hydromasazowej-kerra-malaga-xl-komplet","status":"publish","type":"product","link":"https:\/\/zam.novoterm.pl\/index.php\/produkt\/pret-gwintowany-m12-stelaza-brodzika-do-kabiny-hydromasazowej-kerra-malaga-xl-komplet\/","title":{"rendered":"pr\u0119t gwintowany M12 stela\u017ca brodzika do kabiny hydromasa\u017cowej Kerra &#8222;Malaga\/XL&#8221; &#8211; komplet"},"content":{"rendered":"","protected":false},"excerpt":{"rendered":"","protected":false},"featured_media":127388,"comment_status":"closed","ping_status":"open","template":"","meta":[],"product_cat":[728,731],"product_tag":[],"_links":{"self":[{"href":"https:\/\/zam.novoterm.pl\/index.php\/wp-json\/wp\/v2\/product\/113900"}],"collection":[{"href":"https:\/\/zam.novoterm.pl\/index.php\/wp-json\/wp\/v2\/product"}],"about":[{"href":"https:\/\/zam.novoterm.pl\/index.php\/wp-json\/wp\/v2\/types\/product"}],"replies":[{"embeddable":true,"href":"https:\/\/zam.novoterm.pl\/index.php\/wp-json\/wp\/v2\/comments?post=113900"}],"wp:featuredmedia":[{"embeddable":true,"href":"https:\/\/zam.novoterm.pl\/index.php\/wp-json\/wp\/v2\/media\/127388"}],"wp:attachment":[{"href":"https:\/\/zam.novoterm.pl\/index.php\/wp-json\/wp\/v2\/media?parent=113900"}],"wp:term":[{"taxonomy":"product_cat","embeddable":true,"href":"https:\/\/zam.novoterm.pl\/index.php\/wp-json\/wp\/v2\/product_cat?post=113900"},{"taxonomy":"product_tag","embeddable":true,"href":"https:\/\/zam.novoterm.pl\/index.php\/wp-json\/wp\/v2\/product_tag?post=113900"}],"curies":[{"name":"wp","href":"https:\/\/api.w.org\/{rel}","templated":true}]}}