{"id":113891,"date":"2024-07-26T21:00:09","date_gmt":"2024-07-26T19:00:09","guid":{"rendered":"https:\/\/zam.novoterm.pl\/index.php\/produkt\/zaslepka-otworu-zaworu-odcinajacego-do-stelaza-podtynkowego-wc-kerra-k-50-k-50-fit-ocean-spring-summer\/"},"modified":"2026-04-09T18:20:15","modified_gmt":"2026-04-09T16:20:15","slug":"zaslepka-otworu-zaworu-odcinajacego-do-stelaza-podtynkowego-wc-kerra-k-50-k-50-fit-ocean-spring-summer","status":"publish","type":"product","link":"https:\/\/zam.novoterm.pl\/index.php\/produkt\/zaslepka-otworu-zaworu-odcinajacego-do-stelaza-podtynkowego-wc-kerra-k-50-k-50-fit-ocean-spring-summer\/","title":{"rendered":"za\u015blepka otworu zaworu odcinaj\u0105cego do stela\u017ca podtynkowego WC Kerra &#8222;K 50\/K 50 FIT\/Ocean\/Spring\/Summer&#8221;"},"content":{"rendered":"","protected":false},"excerpt":{"rendered":"","protected":false},"featured_media":127386,"comment_status":"closed","ping_status":"open","template":"","meta":[],"product_cat":[728,729],"product_tag":[],"_links":{"self":[{"href":"https:\/\/zam.novoterm.pl\/index.php\/wp-json\/wp\/v2\/product\/113891"}],"collection":[{"href":"https:\/\/zam.novoterm.pl\/index.php\/wp-json\/wp\/v2\/product"}],"about":[{"href":"https:\/\/zam.novoterm.pl\/index.php\/wp-json\/wp\/v2\/types\/product"}],"replies":[{"embeddable":true,"href":"https:\/\/zam.novoterm.pl\/index.php\/wp-json\/wp\/v2\/comments?post=113891"}],"wp:featuredmedia":[{"embeddable":true,"href":"https:\/\/zam.novoterm.pl\/index.php\/wp-json\/wp\/v2\/media\/127386"}],"wp:attachment":[{"href":"https:\/\/zam.novoterm.pl\/index.php\/wp-json\/wp\/v2\/media?parent=113891"}],"wp:term":[{"taxonomy":"product_cat","embeddable":true,"href":"https:\/\/zam.novoterm.pl\/index.php\/wp-json\/wp\/v2\/product_cat?post=113891"},{"taxonomy":"product_tag","embeddable":true,"href":"https:\/\/zam.novoterm.pl\/index.php\/wp-json\/wp\/v2\/product_tag?post=113891"}],"curies":[{"name":"wp","href":"https:\/\/api.w.org\/{rel}","templated":true}]}}