{"id":113569,"date":"2024-07-18T19:00:19","date_gmt":"2024-07-18T17:00:19","guid":{"rendered":"https:\/\/zam.novoterm.pl\/index.php\/produkt\/waz-glowki-wylewki-do-baterii-zlewozmywakowej-loge-vegas-ve-06\/"},"modified":"2026-04-09T18:20:12","modified_gmt":"2026-04-09T16:20:12","slug":"waz-glowki-wylewki-do-baterii-zlewozmywakowej-loge-vegas-ve-06","status":"publish","type":"product","link":"https:\/\/zam.novoterm.pl\/index.php\/produkt\/waz-glowki-wylewki-do-baterii-zlewozmywakowej-loge-vegas-ve-06\/","title":{"rendered":"w\u0105\u017c g\u0142\u00f3wki wylewki do baterii zlewozmywakowej Loge &#8222;Vegas VE 06&#8221;"},"content":{"rendered":"","protected":false},"excerpt":{"rendered":"","protected":false},"featured_media":127377,"comment_status":"closed","ping_status":"open","template":"","meta":[],"product_cat":[730,728],"product_tag":[],"_links":{"self":[{"href":"https:\/\/zam.novoterm.pl\/index.php\/wp-json\/wp\/v2\/product\/113569"}],"collection":[{"href":"https:\/\/zam.novoterm.pl\/index.php\/wp-json\/wp\/v2\/product"}],"about":[{"href":"https:\/\/zam.novoterm.pl\/index.php\/wp-json\/wp\/v2\/types\/product"}],"replies":[{"embeddable":true,"href":"https:\/\/zam.novoterm.pl\/index.php\/wp-json\/wp\/v2\/comments?post=113569"}],"wp:featuredmedia":[{"embeddable":true,"href":"https:\/\/zam.novoterm.pl\/index.php\/wp-json\/wp\/v2\/media\/127377"}],"wp:attachment":[{"href":"https:\/\/zam.novoterm.pl\/index.php\/wp-json\/wp\/v2\/media?parent=113569"}],"wp:term":[{"taxonomy":"product_cat","embeddable":true,"href":"https:\/\/zam.novoterm.pl\/index.php\/wp-json\/wp\/v2\/product_cat?post=113569"},{"taxonomy":"product_tag","embeddable":true,"href":"https:\/\/zam.novoterm.pl\/index.php\/wp-json\/wp\/v2\/product_tag?post=113569"}],"curies":[{"name":"wp","href":"https:\/\/api.w.org\/{rel}","templated":true}]}}