{"id":113508,"date":"2024-07-17T18:21:06","date_gmt":"2024-07-17T16:21:06","guid":{"rendered":"https:\/\/zam.novoterm.pl\/index.php\/produkt\/sruba-uchwytu-przelacznika-do-baterii-wannowej-loge-victorian-13\/"},"modified":"2026-04-09T08:12:45","modified_gmt":"2026-04-09T06:12:45","slug":"sruba-uchwytu-przelacznika-do-baterii-wannowej-loge-victorian-13","status":"publish","type":"product","link":"https:\/\/zam.novoterm.pl\/index.php\/produkt\/sruba-uchwytu-przelacznika-do-baterii-wannowej-loge-victorian-13\/","title":{"rendered":"\u015bruba uchwytu prze\u0142\u0105cznika do baterii wannowej Loge &#8222;Victorian 13&#8221;"},"content":{"rendered":"","protected":false},"excerpt":{"rendered":"","protected":false},"featured_media":127371,"comment_status":"closed","ping_status":"open","template":"","meta":[],"product_cat":[730,728],"product_tag":[],"_links":{"self":[{"href":"https:\/\/zam.novoterm.pl\/index.php\/wp-json\/wp\/v2\/product\/113508"}],"collection":[{"href":"https:\/\/zam.novoterm.pl\/index.php\/wp-json\/wp\/v2\/product"}],"about":[{"href":"https:\/\/zam.novoterm.pl\/index.php\/wp-json\/wp\/v2\/types\/product"}],"replies":[{"embeddable":true,"href":"https:\/\/zam.novoterm.pl\/index.php\/wp-json\/wp\/v2\/comments?post=113508"}],"wp:featuredmedia":[{"embeddable":true,"href":"https:\/\/zam.novoterm.pl\/index.php\/wp-json\/wp\/v2\/media\/127371"}],"wp:attachment":[{"href":"https:\/\/zam.novoterm.pl\/index.php\/wp-json\/wp\/v2\/media?parent=113508"}],"wp:term":[{"taxonomy":"product_cat","embeddable":true,"href":"https:\/\/zam.novoterm.pl\/index.php\/wp-json\/wp\/v2\/product_cat?post=113508"},{"taxonomy":"product_tag","embeddable":true,"href":"https:\/\/zam.novoterm.pl\/index.php\/wp-json\/wp\/v2\/product_tag?post=113508"}],"curies":[{"name":"wp","href":"https:\/\/api.w.org\/{rel}","templated":true}]}}