{"id":113506,"date":"2024-07-17T18:21:03","date_gmt":"2024-07-17T16:21:03","guid":{"rendered":"https:\/\/zam.novoterm.pl\/index.php\/produkt\/sruba-montazowa-gornego-ramienia-panelu-natryskowego-kabiny-hydromasazowej-kerra-duet-sonea\/"},"modified":"2026-04-09T18:20:08","modified_gmt":"2026-04-09T16:20:08","slug":"sruba-montazowa-gornego-ramienia-panelu-natryskowego-kabiny-hydromasazowej-kerra-duet-sonea","status":"publish","type":"product","link":"https:\/\/zam.novoterm.pl\/index.php\/produkt\/sruba-montazowa-gornego-ramienia-panelu-natryskowego-kabiny-hydromasazowej-kerra-duet-sonea\/","title":{"rendered":"\u015bruba monta\u017cowa g\u00f3rnego ramienia panelu natryskowego kabiny hydromasa\u017cowej Kerra &#8222;Duet\/Sonea&#8221;"},"content":{"rendered":"","protected":false},"excerpt":{"rendered":"","protected":false},"featured_media":127370,"comment_status":"closed","ping_status":"open","template":"","meta":[],"product_cat":[728,731],"product_tag":[],"_links":{"self":[{"href":"https:\/\/zam.novoterm.pl\/index.php\/wp-json\/wp\/v2\/product\/113506"}],"collection":[{"href":"https:\/\/zam.novoterm.pl\/index.php\/wp-json\/wp\/v2\/product"}],"about":[{"href":"https:\/\/zam.novoterm.pl\/index.php\/wp-json\/wp\/v2\/types\/product"}],"replies":[{"embeddable":true,"href":"https:\/\/zam.novoterm.pl\/index.php\/wp-json\/wp\/v2\/comments?post=113506"}],"wp:featuredmedia":[{"embeddable":true,"href":"https:\/\/zam.novoterm.pl\/index.php\/wp-json\/wp\/v2\/media\/127370"}],"wp:attachment":[{"href":"https:\/\/zam.novoterm.pl\/index.php\/wp-json\/wp\/v2\/media?parent=113506"}],"wp:term":[{"taxonomy":"product_cat","embeddable":true,"href":"https:\/\/zam.novoterm.pl\/index.php\/wp-json\/wp\/v2\/product_cat?post=113506"},{"taxonomy":"product_tag","embeddable":true,"href":"https:\/\/zam.novoterm.pl\/index.php\/wp-json\/wp\/v2\/product_tag?post=113506"}],"curies":[{"name":"wp","href":"https:\/\/api.w.org\/{rel}","templated":true}]}}