{"id":113492,"date":"2024-07-17T18:20:58","date_gmt":"2024-07-17T16:20:58","guid":{"rendered":"https:\/\/zam.novoterm.pl\/index.php\/produkt\/nakretka-oslony-glowicy-do-kabiny-hydromasazowej-kerra-argo-brownie-claire-fantasia-nelle\/"},"modified":"2026-04-09T08:16:28","modified_gmt":"2026-04-09T06:16:28","slug":"nakretka-oslony-glowicy-do-kabiny-hydromasazowej-kerra-argo-brownie-claire-fantasia-nelle","status":"publish","type":"product","link":"https:\/\/zam.novoterm.pl\/index.php\/produkt\/nakretka-oslony-glowicy-do-kabiny-hydromasazowej-kerra-argo-brownie-claire-fantasia-nelle\/","title":{"rendered":"nakr\u0119tka os\u0142ony g\u0142owicy do kabiny hydromasa\u017cowej Kerra &#8222;Argo\/Brownie\/Claire\/Fantasia\/Nelle&#8221;"},"content":{"rendered":"","protected":false},"excerpt":{"rendered":"","protected":false},"featured_media":127361,"comment_status":"closed","ping_status":"open","template":"","meta":[],"product_cat":[728,731,735],"product_tag":[],"_links":{"self":[{"href":"https:\/\/zam.novoterm.pl\/index.php\/wp-json\/wp\/v2\/product\/113492"}],"collection":[{"href":"https:\/\/zam.novoterm.pl\/index.php\/wp-json\/wp\/v2\/product"}],"about":[{"href":"https:\/\/zam.novoterm.pl\/index.php\/wp-json\/wp\/v2\/types\/product"}],"replies":[{"embeddable":true,"href":"https:\/\/zam.novoterm.pl\/index.php\/wp-json\/wp\/v2\/comments?post=113492"}],"wp:featuredmedia":[{"embeddable":true,"href":"https:\/\/zam.novoterm.pl\/index.php\/wp-json\/wp\/v2\/media\/127361"}],"wp:attachment":[{"href":"https:\/\/zam.novoterm.pl\/index.php\/wp-json\/wp\/v2\/media?parent=113492"}],"wp:term":[{"taxonomy":"product_cat","embeddable":true,"href":"https:\/\/zam.novoterm.pl\/index.php\/wp-json\/wp\/v2\/product_cat?post=113492"},{"taxonomy":"product_tag","embeddable":true,"href":"https:\/\/zam.novoterm.pl\/index.php\/wp-json\/wp\/v2\/product_tag?post=113492"}],"curies":[{"name":"wp","href":"https:\/\/api.w.org\/{rel}","templated":true}]}}