{"id":113359,"date":"2024-07-15T19:30:14","date_gmt":"2024-07-15T17:30:14","guid":{"rendered":"https:\/\/zam.novoterm.pl\/index.php\/produkt\/przedluzacz-glosnika-halogenu-wentylatora-do-kabiny-hydromasazowej-kerra-gibraltar-jukon-leticia-lisa-mauri-maxi-oviedo-paulina-rita-sena-silver-diamond-silver-prime-tuluza-vigo\/"},"modified":"2026-04-09T08:13:59","modified_gmt":"2026-04-09T06:13:59","slug":"przedluzacz-glosnika-halogenu-wentylatora-do-kabiny-hydromasazowej-kerra-gibraltar-jukon-leticia-lisa-mauri-maxi-oviedo-paulina-rita-sena-silver-diamond-silver-prime-tuluza-vigo","status":"publish","type":"product","link":"https:\/\/zam.novoterm.pl\/index.php\/produkt\/przedluzacz-glosnika-halogenu-wentylatora-do-kabiny-hydromasazowej-kerra-gibraltar-jukon-leticia-lisa-mauri-maxi-oviedo-paulina-rita-sena-silver-diamond-silver-prime-tuluza-vigo\/","title":{"rendered":"przed\u0142u\u017cacz g\u0142o\u015bnika\/halogenu\/wentylatora do kabiny hydromasa\u017cowej Kerra &#8222;Gibraltar\/Jukon\/Leticia\/Lisa\/Mauri\/Maxi\/Oviedo\/Paulina\/Rita\/Sena\/Silver Diamond\/Silver Prime\/Tuluza\/Vigo&#8221;"},"content":{"rendered":"","protected":false},"excerpt":{"rendered":"","protected":false},"featured_media":127354,"comment_status":"closed","ping_status":"open","template":"","meta":[],"product_cat":[728,731],"product_tag":[],"_links":{"self":[{"href":"https:\/\/zam.novoterm.pl\/index.php\/wp-json\/wp\/v2\/product\/113359"}],"collection":[{"href":"https:\/\/zam.novoterm.pl\/index.php\/wp-json\/wp\/v2\/product"}],"about":[{"href":"https:\/\/zam.novoterm.pl\/index.php\/wp-json\/wp\/v2\/types\/product"}],"replies":[{"embeddable":true,"href":"https:\/\/zam.novoterm.pl\/index.php\/wp-json\/wp\/v2\/comments?post=113359"}],"wp:featuredmedia":[{"embeddable":true,"href":"https:\/\/zam.novoterm.pl\/index.php\/wp-json\/wp\/v2\/media\/127354"}],"wp:attachment":[{"href":"https:\/\/zam.novoterm.pl\/index.php\/wp-json\/wp\/v2\/media?parent=113359"}],"wp:term":[{"taxonomy":"product_cat","embeddable":true,"href":"https:\/\/zam.novoterm.pl\/index.php\/wp-json\/wp\/v2\/product_cat?post=113359"},{"taxonomy":"product_tag","embeddable":true,"href":"https:\/\/zam.novoterm.pl\/index.php\/wp-json\/wp\/v2\/product_tag?post=113359"}],"curies":[{"name":"wp","href":"https:\/\/api.w.org\/{rel}","templated":true}]}}