{"id":113185,"date":"2024-07-10T19:10:15","date_gmt":"2024-07-10T17:10:15","guid":{"rendered":"https:\/\/zam.novoterm.pl\/index.php\/produkt\/gorny-uchwyt-drazka-natrysku-do-kabiny-hydromasazowej-kerra-argo-fantasia\/"},"modified":"2026-04-09T01:11:14","modified_gmt":"2026-04-08T23:11:14","slug":"gorny-uchwyt-drazka-natrysku-do-kabiny-hydromasazowej-kerra-argo-fantasia","status":"publish","type":"product","link":"https:\/\/zam.novoterm.pl\/index.php\/produkt\/gorny-uchwyt-drazka-natrysku-do-kabiny-hydromasazowej-kerra-argo-fantasia\/","title":{"rendered":"g\u00f3rny uchwyt dr\u0105\u017cka natrysku do kabiny hydromasa\u017cowej Kerra &#8222;Argo\/Fantasia&#8221;"},"content":{"rendered":"","protected":false},"excerpt":{"rendered":"","protected":false},"featured_media":127342,"comment_status":"closed","ping_status":"open","template":"","meta":[],"product_cat":[728,731],"product_tag":[],"_links":{"self":[{"href":"https:\/\/zam.novoterm.pl\/index.php\/wp-json\/wp\/v2\/product\/113185"}],"collection":[{"href":"https:\/\/zam.novoterm.pl\/index.php\/wp-json\/wp\/v2\/product"}],"about":[{"href":"https:\/\/zam.novoterm.pl\/index.php\/wp-json\/wp\/v2\/types\/product"}],"replies":[{"embeddable":true,"href":"https:\/\/zam.novoterm.pl\/index.php\/wp-json\/wp\/v2\/comments?post=113185"}],"wp:featuredmedia":[{"embeddable":true,"href":"https:\/\/zam.novoterm.pl\/index.php\/wp-json\/wp\/v2\/media\/127342"}],"wp:attachment":[{"href":"https:\/\/zam.novoterm.pl\/index.php\/wp-json\/wp\/v2\/media?parent=113185"}],"wp:term":[{"taxonomy":"product_cat","embeddable":true,"href":"https:\/\/zam.novoterm.pl\/index.php\/wp-json\/wp\/v2\/product_cat?post=113185"},{"taxonomy":"product_tag","embeddable":true,"href":"https:\/\/zam.novoterm.pl\/index.php\/wp-json\/wp\/v2\/product_tag?post=113185"}],"curies":[{"name":"wp","href":"https:\/\/api.w.org\/{rel}","templated":true}]}}