{"id":112424,"date":"2024-06-21T20:00:30","date_gmt":"2024-06-21T18:00:30","guid":{"rendered":"https:\/\/zam.novoterm.pl\/index.php\/produkt\/zawor-odcinajacy-do-stelaza-podtynkowego-wc-kerra-k-40-k-50\/"},"modified":"2026-04-08T18:11:56","modified_gmt":"2026-04-08T16:11:56","slug":"zawor-odcinajacy-do-stelaza-podtynkowego-wc-kerra-k-40-k-50","status":"publish","type":"product","link":"https:\/\/zam.novoterm.pl\/index.php\/produkt\/zawor-odcinajacy-do-stelaza-podtynkowego-wc-kerra-k-40-k-50\/","title":{"rendered":"zaw\u00f3r odcinaj\u0105cy do stela\u017ca podtynkowego WC Kerra &#8222;K 40\/K 50&#8221;"},"content":{"rendered":"","protected":false},"excerpt":{"rendered":"","protected":false},"featured_media":127316,"comment_status":"closed","ping_status":"open","template":"","meta":[],"product_cat":[728,729],"product_tag":[],"_links":{"self":[{"href":"https:\/\/zam.novoterm.pl\/index.php\/wp-json\/wp\/v2\/product\/112424"}],"collection":[{"href":"https:\/\/zam.novoterm.pl\/index.php\/wp-json\/wp\/v2\/product"}],"about":[{"href":"https:\/\/zam.novoterm.pl\/index.php\/wp-json\/wp\/v2\/types\/product"}],"replies":[{"embeddable":true,"href":"https:\/\/zam.novoterm.pl\/index.php\/wp-json\/wp\/v2\/comments?post=112424"}],"wp:featuredmedia":[{"embeddable":true,"href":"https:\/\/zam.novoterm.pl\/index.php\/wp-json\/wp\/v2\/media\/127316"}],"wp:attachment":[{"href":"https:\/\/zam.novoterm.pl\/index.php\/wp-json\/wp\/v2\/media?parent=112424"}],"wp:term":[{"taxonomy":"product_cat","embeddable":true,"href":"https:\/\/zam.novoterm.pl\/index.php\/wp-json\/wp\/v2\/product_cat?post=112424"},{"taxonomy":"product_tag","embeddable":true,"href":"https:\/\/zam.novoterm.pl\/index.php\/wp-json\/wp\/v2\/product_tag?post=112424"}],"curies":[{"name":"wp","href":"https:\/\/api.w.org\/{rel}","templated":true}]}}