{"id":112394,"date":"2024-06-20T20:00:20","date_gmt":"2024-06-20T18:00:20","guid":{"rendered":"https:\/\/zam.novoterm.pl\/index.php\/produkt\/zaslepka-zawiasow-do-kabiny-hydromasazowej-kerra-duet-spa-twin-komplet\/"},"modified":"2026-04-08T18:11:56","modified_gmt":"2026-04-08T16:11:56","slug":"zaslepka-zawiasow-do-kabiny-hydromasazowej-kerra-duet-spa-twin-komplet","status":"publish","type":"product","link":"https:\/\/zam.novoterm.pl\/index.php\/produkt\/zaslepka-zawiasow-do-kabiny-hydromasazowej-kerra-duet-spa-twin-komplet\/","title":{"rendered":"za\u015blepka zawias\u00f3w do kabiny hydromasa\u017cowej Kerra &#8222;Duet\/Spa\/Twin&#8221; &#8211; komplet"},"content":{"rendered":"","protected":false},"excerpt":{"rendered":"","protected":false},"featured_media":127314,"comment_status":"closed","ping_status":"open","template":"","meta":[],"product_cat":[728,738,731,737],"product_tag":[],"_links":{"self":[{"href":"https:\/\/zam.novoterm.pl\/index.php\/wp-json\/wp\/v2\/product\/112394"}],"collection":[{"href":"https:\/\/zam.novoterm.pl\/index.php\/wp-json\/wp\/v2\/product"}],"about":[{"href":"https:\/\/zam.novoterm.pl\/index.php\/wp-json\/wp\/v2\/types\/product"}],"replies":[{"embeddable":true,"href":"https:\/\/zam.novoterm.pl\/index.php\/wp-json\/wp\/v2\/comments?post=112394"}],"wp:featuredmedia":[{"embeddable":true,"href":"https:\/\/zam.novoterm.pl\/index.php\/wp-json\/wp\/v2\/media\/127314"}],"wp:attachment":[{"href":"https:\/\/zam.novoterm.pl\/index.php\/wp-json\/wp\/v2\/media?parent=112394"}],"wp:term":[{"taxonomy":"product_cat","embeddable":true,"href":"https:\/\/zam.novoterm.pl\/index.php\/wp-json\/wp\/v2\/product_cat?post=112394"},{"taxonomy":"product_tag","embeddable":true,"href":"https:\/\/zam.novoterm.pl\/index.php\/wp-json\/wp\/v2\/product_tag?post=112394"}],"curies":[{"name":"wp","href":"https:\/\/api.w.org\/{rel}","templated":true}]}}