{"id":112392,"date":"2024-06-20T20:00:18","date_gmt":"2024-06-20T18:00:18","guid":{"rendered":"https:\/\/zam.novoterm.pl\/index.php\/produkt\/zaslepka-uchwytu-przelacznika-do-baterii-wannowej-loge-luxor-4-v-2\/"},"modified":"2026-04-08T18:11:56","modified_gmt":"2026-04-08T16:11:56","slug":"zaslepka-uchwytu-przelacznika-do-baterii-wannowej-loge-luxor-4-v-2","status":"publish","type":"product","link":"https:\/\/zam.novoterm.pl\/index.php\/produkt\/zaslepka-uchwytu-przelacznika-do-baterii-wannowej-loge-luxor-4-v-2\/","title":{"rendered":"za\u015blepka uchwytu prze\u0142\u0105cznika do baterii wannowej Loge &#8222;Luxor 4&#8221; v. 2"},"content":{"rendered":"","protected":false},"excerpt":{"rendered":"","protected":false},"featured_media":127313,"comment_status":"closed","ping_status":"open","template":"","meta":[],"product_cat":[730,728],"product_tag":[],"_links":{"self":[{"href":"https:\/\/zam.novoterm.pl\/index.php\/wp-json\/wp\/v2\/product\/112392"}],"collection":[{"href":"https:\/\/zam.novoterm.pl\/index.php\/wp-json\/wp\/v2\/product"}],"about":[{"href":"https:\/\/zam.novoterm.pl\/index.php\/wp-json\/wp\/v2\/types\/product"}],"replies":[{"embeddable":true,"href":"https:\/\/zam.novoterm.pl\/index.php\/wp-json\/wp\/v2\/comments?post=112392"}],"wp:featuredmedia":[{"embeddable":true,"href":"https:\/\/zam.novoterm.pl\/index.php\/wp-json\/wp\/v2\/media\/127313"}],"wp:attachment":[{"href":"https:\/\/zam.novoterm.pl\/index.php\/wp-json\/wp\/v2\/media?parent=112392"}],"wp:term":[{"taxonomy":"product_cat","embeddable":true,"href":"https:\/\/zam.novoterm.pl\/index.php\/wp-json\/wp\/v2\/product_cat?post=112392"},{"taxonomy":"product_tag","embeddable":true,"href":"https:\/\/zam.novoterm.pl\/index.php\/wp-json\/wp\/v2\/product_tag?post=112392"}],"curies":[{"name":"wp","href":"https:\/\/api.w.org\/{rel}","templated":true}]}}