{"id":112390,"date":"2024-06-20T20:00:18","date_gmt":"2024-06-20T18:00:18","guid":{"rendered":"https:\/\/zam.novoterm.pl\/index.php\/produkt\/wezyk-przylaczeniowy-m10x3-8-l350-do-baterii-sanitarnej-loge-alto-alto-sati-boston-capri-cascada-dallas-luxor-vegas-victorian\/"},"modified":"2026-04-08T01:10:40","modified_gmt":"2026-04-07T23:10:40","slug":"wezyk-przylaczeniowy-m10x3-8-l350-do-baterii-sanitarnej-loge-alto-alto-sati-boston-capri-cascada-dallas-luxor-vegas-victorian","status":"publish","type":"product","link":"https:\/\/zam.novoterm.pl\/index.php\/produkt\/wezyk-przylaczeniowy-m10x3-8-l350-do-baterii-sanitarnej-loge-alto-alto-sati-boston-capri-cascada-dallas-luxor-vegas-victorian\/","title":{"rendered":"w\u0119\u017cyk przy\u0142\u0105czeniowy M10x3\/8&#8243; L350 do baterii sanitarnej Loge &#8222;Alto\/Alto Sati\/Boston\/Capri\/Cascada\/Dallas\/Luxor\/Vegas\/Victorian&#8221;"},"content":{"rendered":"","protected":false},"excerpt":{"rendered":"","protected":false},"featured_media":127311,"comment_status":"closed","ping_status":"open","template":"","meta":[],"product_cat":[730,728],"product_tag":[],"_links":{"self":[{"href":"https:\/\/zam.novoterm.pl\/index.php\/wp-json\/wp\/v2\/product\/112390"}],"collection":[{"href":"https:\/\/zam.novoterm.pl\/index.php\/wp-json\/wp\/v2\/product"}],"about":[{"href":"https:\/\/zam.novoterm.pl\/index.php\/wp-json\/wp\/v2\/types\/product"}],"replies":[{"embeddable":true,"href":"https:\/\/zam.novoterm.pl\/index.php\/wp-json\/wp\/v2\/comments?post=112390"}],"wp:featuredmedia":[{"embeddable":true,"href":"https:\/\/zam.novoterm.pl\/index.php\/wp-json\/wp\/v2\/media\/127311"}],"wp:attachment":[{"href":"https:\/\/zam.novoterm.pl\/index.php\/wp-json\/wp\/v2\/media?parent=112390"}],"wp:term":[{"taxonomy":"product_cat","embeddable":true,"href":"https:\/\/zam.novoterm.pl\/index.php\/wp-json\/wp\/v2\/product_cat?post=112390"},{"taxonomy":"product_tag","embeddable":true,"href":"https:\/\/zam.novoterm.pl\/index.php\/wp-json\/wp\/v2\/product_tag?post=112390"}],"curies":[{"name":"wp","href":"https:\/\/api.w.org\/{rel}","templated":true}]}}