{"id":112338,"date":"2024-06-19T20:20:32","date_gmt":"2024-06-19T18:20:32","guid":{"rendered":"https:\/\/zam.novoterm.pl\/index.php\/produkt\/wezyk-przylaczeniowy-m10x1-2-l-400-do-baterii-sanitarnej-loge-cascada\/"},"modified":"2026-04-08T01:20:12","modified_gmt":"2026-04-07T23:20:12","slug":"wezyk-przylaczeniowy-m10x1-2-l-400-do-baterii-sanitarnej-loge-cascada","status":"publish","type":"product","link":"https:\/\/zam.novoterm.pl\/index.php\/produkt\/wezyk-przylaczeniowy-m10x1-2-l-400-do-baterii-sanitarnej-loge-cascada\/","title":{"rendered":"w\u0119\u017cyk przy\u0142\u0105czeniowy M10x1\/2&#8243; L 400 do baterii sanitarnej Loge &#8222;Cascada&#8221;"},"content":{"rendered":"","protected":false},"excerpt":{"rendered":"","protected":false},"featured_media":127310,"comment_status":"closed","ping_status":"open","template":"","meta":[],"product_cat":[730,728],"product_tag":[],"_links":{"self":[{"href":"https:\/\/zam.novoterm.pl\/index.php\/wp-json\/wp\/v2\/product\/112338"}],"collection":[{"href":"https:\/\/zam.novoterm.pl\/index.php\/wp-json\/wp\/v2\/product"}],"about":[{"href":"https:\/\/zam.novoterm.pl\/index.php\/wp-json\/wp\/v2\/types\/product"}],"replies":[{"embeddable":true,"href":"https:\/\/zam.novoterm.pl\/index.php\/wp-json\/wp\/v2\/comments?post=112338"}],"wp:featuredmedia":[{"embeddable":true,"href":"https:\/\/zam.novoterm.pl\/index.php\/wp-json\/wp\/v2\/media\/127310"}],"wp:attachment":[{"href":"https:\/\/zam.novoterm.pl\/index.php\/wp-json\/wp\/v2\/media?parent=112338"}],"wp:term":[{"taxonomy":"product_cat","embeddable":true,"href":"https:\/\/zam.novoterm.pl\/index.php\/wp-json\/wp\/v2\/product_cat?post=112338"},{"taxonomy":"product_tag","embeddable":true,"href":"https:\/\/zam.novoterm.pl\/index.php\/wp-json\/wp\/v2\/product_tag?post=112338"}],"curies":[{"name":"wp","href":"https:\/\/api.w.org\/{rel}","templated":true}]}}