{"id":112242,"date":"2024-06-18T19:40:14","date_gmt":"2024-06-18T17:40:14","guid":{"rendered":"https:\/\/zam.novoterm.pl\/index.php\/produkt\/uchwyt-sruby-montazowej-przycisku-do-stelaza-podtynkowego-kerra-k50-ocean-spring-summer\/"},"modified":"2026-04-08T01:10:29","modified_gmt":"2026-04-07T23:10:29","slug":"uchwyt-sruby-montazowej-przycisku-do-stelaza-podtynkowego-kerra-k50-ocean-spring-summer","status":"publish","type":"product","link":"https:\/\/zam.novoterm.pl\/index.php\/produkt\/uchwyt-sruby-montazowej-przycisku-do-stelaza-podtynkowego-kerra-k50-ocean-spring-summer\/","title":{"rendered":"uchwyt \u015bruby monta\u017cowej przycisku do stela\u017ca podtynkowego Kerra &#8222;K50\/Ocean\/Spring\/Summer&#8221;"},"content":{"rendered":"","protected":false},"excerpt":{"rendered":"","protected":false},"featured_media":127304,"comment_status":"closed","ping_status":"open","template":"","meta":[],"product_cat":[728,729],"product_tag":[],"_links":{"self":[{"href":"https:\/\/zam.novoterm.pl\/index.php\/wp-json\/wp\/v2\/product\/112242"}],"collection":[{"href":"https:\/\/zam.novoterm.pl\/index.php\/wp-json\/wp\/v2\/product"}],"about":[{"href":"https:\/\/zam.novoterm.pl\/index.php\/wp-json\/wp\/v2\/types\/product"}],"replies":[{"embeddable":true,"href":"https:\/\/zam.novoterm.pl\/index.php\/wp-json\/wp\/v2\/comments?post=112242"}],"wp:featuredmedia":[{"embeddable":true,"href":"https:\/\/zam.novoterm.pl\/index.php\/wp-json\/wp\/v2\/media\/127304"}],"wp:attachment":[{"href":"https:\/\/zam.novoterm.pl\/index.php\/wp-json\/wp\/v2\/media?parent=112242"}],"wp:term":[{"taxonomy":"product_cat","embeddable":true,"href":"https:\/\/zam.novoterm.pl\/index.php\/wp-json\/wp\/v2\/product_cat?post=112242"},{"taxonomy":"product_tag","embeddable":true,"href":"https:\/\/zam.novoterm.pl\/index.php\/wp-json\/wp\/v2\/product_tag?post=112242"}],"curies":[{"name":"wp","href":"https:\/\/api.w.org\/{rel}","templated":true}]}}