{"id":112054,"date":"2024-06-13T19:50:06","date_gmt":"2024-06-13T17:50:06","guid":{"rendered":"https:\/\/zam.novoterm.pl\/index.php\/produkt\/nakretka-m12-z-kolnierzem-do-kabiny-hydromasazowej-natryskowej-z-glebokim-brodzikiem-marki-kerra\/"},"modified":"2026-04-08T01:10:28","modified_gmt":"2026-04-07T23:10:28","slug":"nakretka-m12-z-kolnierzem-do-kabiny-hydromasazowej-natryskowej-z-glebokim-brodzikiem-marki-kerra","status":"publish","type":"product","link":"https:\/\/zam.novoterm.pl\/index.php\/produkt\/nakretka-m12-z-kolnierzem-do-kabiny-hydromasazowej-natryskowej-z-glebokim-brodzikiem-marki-kerra\/","title":{"rendered":"nakr\u0119tka M12 z ko\u0142nierzem do kabiny hydromasa\u017cowej\/natryskowej z g\u0142\u0119bokim brodzikiem marki Kerra"},"content":{"rendered":"","protected":false},"excerpt":{"rendered":"","protected":false},"featured_media":127287,"comment_status":"closed","ping_status":"open","template":"","meta":[],"product_cat":[728,731,737,736],"product_tag":[],"_links":{"self":[{"href":"https:\/\/zam.novoterm.pl\/index.php\/wp-json\/wp\/v2\/product\/112054"}],"collection":[{"href":"https:\/\/zam.novoterm.pl\/index.php\/wp-json\/wp\/v2\/product"}],"about":[{"href":"https:\/\/zam.novoterm.pl\/index.php\/wp-json\/wp\/v2\/types\/product"}],"replies":[{"embeddable":true,"href":"https:\/\/zam.novoterm.pl\/index.php\/wp-json\/wp\/v2\/comments?post=112054"}],"wp:featuredmedia":[{"embeddable":true,"href":"https:\/\/zam.novoterm.pl\/index.php\/wp-json\/wp\/v2\/media\/127287"}],"wp:attachment":[{"href":"https:\/\/zam.novoterm.pl\/index.php\/wp-json\/wp\/v2\/media?parent=112054"}],"wp:term":[{"taxonomy":"product_cat","embeddable":true,"href":"https:\/\/zam.novoterm.pl\/index.php\/wp-json\/wp\/v2\/product_cat?post=112054"},{"taxonomy":"product_tag","embeddable":true,"href":"https:\/\/zam.novoterm.pl\/index.php\/wp-json\/wp\/v2\/product_tag?post=112054"}],"curies":[{"name":"wp","href":"https:\/\/api.w.org\/{rel}","templated":true}]}}