{"id":111996,"date":"2024-06-12T19:20:25","date_gmt":"2024-06-12T17:20:25","guid":{"rendered":"https:\/\/zam.novoterm.pl\/index.php\/produkt\/gorna-zaslepka-profilu-sciennego-bocznego-do-kabiny-natryskowej-kerra-madrid-praga\/"},"modified":"2026-04-08T01:10:39","modified_gmt":"2026-04-07T23:10:39","slug":"gorna-zaslepka-profilu-sciennego-bocznego-do-kabiny-natryskowej-kerra-madrid-praga","status":"publish","type":"product","link":"https:\/\/zam.novoterm.pl\/index.php\/produkt\/gorna-zaslepka-profilu-sciennego-bocznego-do-kabiny-natryskowej-kerra-madrid-praga\/","title":{"rendered":"g\u00f3rna za\u015blepka profilu \u015bciennego\/bocznego do kabiny natryskowej Kerra &#8222;Madrid\/Praga&#8221;"},"content":{"rendered":"","protected":false},"excerpt":{"rendered":"","protected":false},"featured_media":127282,"comment_status":"closed","ping_status":"open","template":"","meta":[],"product_cat":[728,737],"product_tag":[],"_links":{"self":[{"href":"https:\/\/zam.novoterm.pl\/index.php\/wp-json\/wp\/v2\/product\/111996"}],"collection":[{"href":"https:\/\/zam.novoterm.pl\/index.php\/wp-json\/wp\/v2\/product"}],"about":[{"href":"https:\/\/zam.novoterm.pl\/index.php\/wp-json\/wp\/v2\/types\/product"}],"replies":[{"embeddable":true,"href":"https:\/\/zam.novoterm.pl\/index.php\/wp-json\/wp\/v2\/comments?post=111996"}],"wp:featuredmedia":[{"embeddable":true,"href":"https:\/\/zam.novoterm.pl\/index.php\/wp-json\/wp\/v2\/media\/127282"}],"wp:attachment":[{"href":"https:\/\/zam.novoterm.pl\/index.php\/wp-json\/wp\/v2\/media?parent=111996"}],"wp:term":[{"taxonomy":"product_cat","embeddable":true,"href":"https:\/\/zam.novoterm.pl\/index.php\/wp-json\/wp\/v2\/product_cat?post=111996"},{"taxonomy":"product_tag","embeddable":true,"href":"https:\/\/zam.novoterm.pl\/index.php\/wp-json\/wp\/v2\/product_tag?post=111996"}],"curies":[{"name":"wp","href":"https:\/\/api.w.org\/{rel}","templated":true}]}}