{"id":111992,"date":"2024-06-12T19:20:22","date_gmt":"2024-06-12T17:20:22","guid":{"rendered":"https:\/\/zam.novoterm.pl\/index.php\/produkt\/dysza-masazowa-koncowa-do-kabiny-hydromasazowej-kerra-brownie-claire-fantasia-nelle\/"},"modified":"2026-04-08T01:10:42","modified_gmt":"2026-04-07T23:10:42","slug":"dysza-masazowa-koncowa-do-kabiny-hydromasazowej-kerra-brownie-claire-fantasia-nelle","status":"publish","type":"product","link":"https:\/\/zam.novoterm.pl\/index.php\/produkt\/dysza-masazowa-koncowa-do-kabiny-hydromasazowej-kerra-brownie-claire-fantasia-nelle\/","title":{"rendered":"dysza masa\u017cowa ko\u0144cowa do kabiny hydromasa\u017cowej Kerra &#8222;Brownie\/Claire\/Fantasia\/Nelle&#8221;"},"content":{"rendered":"","protected":false},"excerpt":{"rendered":"","protected":false},"featured_media":127280,"comment_status":"closed","ping_status":"open","template":"","meta":[],"product_cat":[728,731,735],"product_tag":[],"_links":{"self":[{"href":"https:\/\/zam.novoterm.pl\/index.php\/wp-json\/wp\/v2\/product\/111992"}],"collection":[{"href":"https:\/\/zam.novoterm.pl\/index.php\/wp-json\/wp\/v2\/product"}],"about":[{"href":"https:\/\/zam.novoterm.pl\/index.php\/wp-json\/wp\/v2\/types\/product"}],"replies":[{"embeddable":true,"href":"https:\/\/zam.novoterm.pl\/index.php\/wp-json\/wp\/v2\/comments?post=111992"}],"wp:featuredmedia":[{"embeddable":true,"href":"https:\/\/zam.novoterm.pl\/index.php\/wp-json\/wp\/v2\/media\/127280"}],"wp:attachment":[{"href":"https:\/\/zam.novoterm.pl\/index.php\/wp-json\/wp\/v2\/media?parent=111992"}],"wp:term":[{"taxonomy":"product_cat","embeddable":true,"href":"https:\/\/zam.novoterm.pl\/index.php\/wp-json\/wp\/v2\/product_cat?post=111992"},{"taxonomy":"product_tag","embeddable":true,"href":"https:\/\/zam.novoterm.pl\/index.php\/wp-json\/wp\/v2\/product_tag?post=111992"}],"curies":[{"name":"wp","href":"https:\/\/api.w.org\/{rel}","templated":true}]}}