{"id":109906,"date":"2024-04-17T19:50:13","date_gmt":"2024-04-17T17:50:13","guid":{"rendered":"https:\/\/zam.novoterm.pl\/index.php\/produkt\/plytka-przyciskow-przelacznikow-do-okapu-kuchennego-focus-walencja\/"},"modified":"2026-04-08T18:11:46","modified_gmt":"2026-04-08T16:11:46","slug":"plytka-przyciskow-przelacznikow-do-okapu-kuchennego-focus-walencja","status":"publish","type":"product","link":"https:\/\/zam.novoterm.pl\/index.php\/produkt\/plytka-przyciskow-przelacznikow-do-okapu-kuchennego-focus-walencja\/","title":{"rendered":"p\u0142ytka przycisk\u00f3w\/prze\u0142\u0105cznik\u00f3w do okapu kuchennego Focus &#8222;Walencja&#8221;"},"content":{"rendered":"","protected":false},"excerpt":{"rendered":"","protected":false},"featured_media":127262,"comment_status":"closed","ping_status":"open","template":"","meta":[],"product_cat":[842,728],"product_tag":[],"_links":{"self":[{"href":"https:\/\/zam.novoterm.pl\/index.php\/wp-json\/wp\/v2\/product\/109906"}],"collection":[{"href":"https:\/\/zam.novoterm.pl\/index.php\/wp-json\/wp\/v2\/product"}],"about":[{"href":"https:\/\/zam.novoterm.pl\/index.php\/wp-json\/wp\/v2\/types\/product"}],"replies":[{"embeddable":true,"href":"https:\/\/zam.novoterm.pl\/index.php\/wp-json\/wp\/v2\/comments?post=109906"}],"wp:featuredmedia":[{"embeddable":true,"href":"https:\/\/zam.novoterm.pl\/index.php\/wp-json\/wp\/v2\/media\/127262"}],"wp:attachment":[{"href":"https:\/\/zam.novoterm.pl\/index.php\/wp-json\/wp\/v2\/media?parent=109906"}],"wp:term":[{"taxonomy":"product_cat","embeddable":true,"href":"https:\/\/zam.novoterm.pl\/index.php\/wp-json\/wp\/v2\/product_cat?post=109906"},{"taxonomy":"product_tag","embeddable":true,"href":"https:\/\/zam.novoterm.pl\/index.php\/wp-json\/wp\/v2\/product_tag?post=109906"}],"curies":[{"name":"wp","href":"https:\/\/api.w.org\/{rel}","templated":true}]}}