{"id":109411,"date":"2024-04-08T20:00:17","date_gmt":"2024-04-08T18:00:17","guid":{"rendered":"https:\/\/zam.novoterm.pl\/index.php\/produkt\/komplet-wkretow-do-montazu-kabina-natryskowej-kerra-madera-100x80\/"},"modified":"2026-04-07T18:11:38","modified_gmt":"2026-04-07T16:11:38","slug":"komplet-wkretow-do-montazu-kabina-natryskowej-kerra-madera-100x80","status":"publish","type":"product","link":"https:\/\/zam.novoterm.pl\/index.php\/produkt\/komplet-wkretow-do-montazu-kabina-natryskowej-kerra-madera-100x80\/","title":{"rendered":"komplet wkr\u0119t\u00f3w do monta\u017cu kabina natryskowej Kerra &#8222;Madera 100&#215;80&#8221;"},"content":{"rendered":"","protected":false},"excerpt":{"rendered":"","protected":false},"featured_media":127222,"comment_status":"closed","ping_status":"open","template":"","meta":[],"product_cat":[728,737],"product_tag":[],"_links":{"self":[{"href":"https:\/\/zam.novoterm.pl\/index.php\/wp-json\/wp\/v2\/product\/109411"}],"collection":[{"href":"https:\/\/zam.novoterm.pl\/index.php\/wp-json\/wp\/v2\/product"}],"about":[{"href":"https:\/\/zam.novoterm.pl\/index.php\/wp-json\/wp\/v2\/types\/product"}],"replies":[{"embeddable":true,"href":"https:\/\/zam.novoterm.pl\/index.php\/wp-json\/wp\/v2\/comments?post=109411"}],"wp:featuredmedia":[{"embeddable":true,"href":"https:\/\/zam.novoterm.pl\/index.php\/wp-json\/wp\/v2\/media\/127222"}],"wp:attachment":[{"href":"https:\/\/zam.novoterm.pl\/index.php\/wp-json\/wp\/v2\/media?parent=109411"}],"wp:term":[{"taxonomy":"product_cat","embeddable":true,"href":"https:\/\/zam.novoterm.pl\/index.php\/wp-json\/wp\/v2\/product_cat?post=109411"},{"taxonomy":"product_tag","embeddable":true,"href":"https:\/\/zam.novoterm.pl\/index.php\/wp-json\/wp\/v2\/product_tag?post=109411"}],"curies":[{"name":"wp","href":"https:\/\/api.w.org\/{rel}","templated":true}]}}