{"id":109407,"date":"2024-04-08T20:00:13","date_gmt":"2024-04-08T18:00:13","guid":{"rendered":"https:\/\/zam.novoterm.pl\/index.php\/produkt\/dysza-hydromasazowa-duza-do-wanny-hydromasazowej-kerra-klara-marika-lux-wersja-2\/"},"modified":"2026-04-15T01:11:09","modified_gmt":"2026-04-14T23:11:09","slug":"dysza-hydromasazowa-duza-do-wanny-hydromasazowej-kerra-klara-marika-lux-wersja-2","status":"publish","type":"product","link":"https:\/\/zam.novoterm.pl\/index.php\/produkt\/dysza-hydromasazowa-duza-do-wanny-hydromasazowej-kerra-klara-marika-lux-wersja-2\/","title":{"rendered":"dysza hydromasa\u017cowa du\u017ca do wanny hydromasa\u017cowej Kerra &#8222;Klara\/Marika Lux&#8221; &#8211; wersja 2"},"content":{"rendered":"","protected":false},"excerpt":{"rendered":"","protected":false},"featured_media":127219,"comment_status":"closed","ping_status":"open","template":"","meta":[],"product_cat":[728,736],"product_tag":[],"_links":{"self":[{"href":"https:\/\/zam.novoterm.pl\/index.php\/wp-json\/wp\/v2\/product\/109407"}],"collection":[{"href":"https:\/\/zam.novoterm.pl\/index.php\/wp-json\/wp\/v2\/product"}],"about":[{"href":"https:\/\/zam.novoterm.pl\/index.php\/wp-json\/wp\/v2\/types\/product"}],"replies":[{"embeddable":true,"href":"https:\/\/zam.novoterm.pl\/index.php\/wp-json\/wp\/v2\/comments?post=109407"}],"wp:featuredmedia":[{"embeddable":true,"href":"https:\/\/zam.novoterm.pl\/index.php\/wp-json\/wp\/v2\/media\/127219"}],"wp:attachment":[{"href":"https:\/\/zam.novoterm.pl\/index.php\/wp-json\/wp\/v2\/media?parent=109407"}],"wp:term":[{"taxonomy":"product_cat","embeddable":true,"href":"https:\/\/zam.novoterm.pl\/index.php\/wp-json\/wp\/v2\/product_cat?post=109407"},{"taxonomy":"product_tag","embeddable":true,"href":"https:\/\/zam.novoterm.pl\/index.php\/wp-json\/wp\/v2\/product_tag?post=109407"}],"curies":[{"name":"wp","href":"https:\/\/api.w.org\/{rel}","templated":true}]}}