{"id":109405,"date":"2024-04-08T20:00:13","date_gmt":"2024-04-08T18:00:13","guid":{"rendered":"https:\/\/zam.novoterm.pl\/index.php\/produkt\/dysza-masazowa-mala-do-wanny-hydromasazowej-kerra-marika-lux-wersja-2\/"},"modified":"2026-04-07T18:11:37","modified_gmt":"2026-04-07T16:11:37","slug":"dysza-masazowa-mala-do-wanny-hydromasazowej-kerra-marika-lux-wersja-2","status":"publish","type":"product","link":"https:\/\/zam.novoterm.pl\/index.php\/produkt\/dysza-masazowa-mala-do-wanny-hydromasazowej-kerra-marika-lux-wersja-2\/","title":{"rendered":"dysza masa\u017cowa ma\u0142a do wanny hydromasa\u017cowej Kerra &#8222;Marika Lux&#8221; &#8211; wersja 2"},"content":{"rendered":"","protected":false},"excerpt":{"rendered":"","protected":false},"featured_media":127218,"comment_status":"closed","ping_status":"open","template":"","meta":[],"product_cat":[728,736],"product_tag":[],"_links":{"self":[{"href":"https:\/\/zam.novoterm.pl\/index.php\/wp-json\/wp\/v2\/product\/109405"}],"collection":[{"href":"https:\/\/zam.novoterm.pl\/index.php\/wp-json\/wp\/v2\/product"}],"about":[{"href":"https:\/\/zam.novoterm.pl\/index.php\/wp-json\/wp\/v2\/types\/product"}],"replies":[{"embeddable":true,"href":"https:\/\/zam.novoterm.pl\/index.php\/wp-json\/wp\/v2\/comments?post=109405"}],"wp:featuredmedia":[{"embeddable":true,"href":"https:\/\/zam.novoterm.pl\/index.php\/wp-json\/wp\/v2\/media\/127218"}],"wp:attachment":[{"href":"https:\/\/zam.novoterm.pl\/index.php\/wp-json\/wp\/v2\/media?parent=109405"}],"wp:term":[{"taxonomy":"product_cat","embeddable":true,"href":"https:\/\/zam.novoterm.pl\/index.php\/wp-json\/wp\/v2\/product_cat?post=109405"},{"taxonomy":"product_tag","embeddable":true,"href":"https:\/\/zam.novoterm.pl\/index.php\/wp-json\/wp\/v2\/product_tag?post=109405"}],"curies":[{"name":"wp","href":"https:\/\/api.w.org\/{rel}","templated":true}]}}