{"id":107462,"date":"2024-02-20T19:40:27","date_gmt":"2024-02-20T18:40:27","guid":{"rendered":"https:\/\/zam.novoterm.pl\/index.php\/produkt\/profil-scienny-duzej-szyby-stalej-do-kabiny-natryskowej-kerra-lydia-lydia-fl-monica\/"},"modified":"2026-04-08T01:11:27","modified_gmt":"2026-04-07T23:11:27","slug":"profil-scienny-duzej-szyby-stalej-do-kabiny-natryskowej-kerra-lydia-lydia-fl-monica","status":"publish","type":"product","link":"https:\/\/zam.novoterm.pl\/index.php\/produkt\/profil-scienny-duzej-szyby-stalej-do-kabiny-natryskowej-kerra-lydia-lydia-fl-monica\/","title":{"rendered":"profil \u015bcienny du\u017cej szyby sta\u0142ej do kabiny natryskowej Kerra &#8222;Lydia\/Lydia FL\/Monica&#8221;"},"content":{"rendered":"","protected":false},"excerpt":{"rendered":"","protected":false},"featured_media":127181,"comment_status":"closed","ping_status":"open","template":"","meta":[],"product_cat":[728,737],"product_tag":[],"_links":{"self":[{"href":"https:\/\/zam.novoterm.pl\/index.php\/wp-json\/wp\/v2\/product\/107462"}],"collection":[{"href":"https:\/\/zam.novoterm.pl\/index.php\/wp-json\/wp\/v2\/product"}],"about":[{"href":"https:\/\/zam.novoterm.pl\/index.php\/wp-json\/wp\/v2\/types\/product"}],"replies":[{"embeddable":true,"href":"https:\/\/zam.novoterm.pl\/index.php\/wp-json\/wp\/v2\/comments?post=107462"}],"wp:featuredmedia":[{"embeddable":true,"href":"https:\/\/zam.novoterm.pl\/index.php\/wp-json\/wp\/v2\/media\/127181"}],"wp:attachment":[{"href":"https:\/\/zam.novoterm.pl\/index.php\/wp-json\/wp\/v2\/media?parent=107462"}],"wp:term":[{"taxonomy":"product_cat","embeddable":true,"href":"https:\/\/zam.novoterm.pl\/index.php\/wp-json\/wp\/v2\/product_cat?post=107462"},{"taxonomy":"product_tag","embeddable":true,"href":"https:\/\/zam.novoterm.pl\/index.php\/wp-json\/wp\/v2\/product_tag?post=107462"}],"curies":[{"name":"wp","href":"https:\/\/api.w.org\/{rel}","templated":true}]}}