{"id":105639,"date":"2024-01-02T19:50:17","date_gmt":"2024-01-02T18:50:17","guid":{"rendered":"https:\/\/zam.novoterm.pl\/index.php\/produkt\/glowica-przelacznika-funkcji-do-kabiny-hydromasazowej-kerra-mocca-nowa-wersja\/"},"modified":"2026-04-08T01:40:11","modified_gmt":"2026-04-07T23:40:11","slug":"glowica-przelacznika-funkcji-do-kabiny-hydromasazowej-kerra-mocca-nowa-wersja","status":"publish","type":"product","link":"https:\/\/zam.novoterm.pl\/index.php\/produkt\/glowica-przelacznika-funkcji-do-kabiny-hydromasazowej-kerra-mocca-nowa-wersja\/","title":{"rendered":"g\u0142owica prze\u0142\u0105cznika funkcji do kabiny hydromasa\u017cowej Kerra &#8222;Mocca&#8221; &#8211; nowa wersja"},"content":{"rendered":"","protected":false},"excerpt":{"rendered":"","protected":false},"featured_media":127160,"comment_status":"closed","ping_status":"open","template":"","meta":[],"product_cat":[728,731],"product_tag":[],"_links":{"self":[{"href":"https:\/\/zam.novoterm.pl\/index.php\/wp-json\/wp\/v2\/product\/105639"}],"collection":[{"href":"https:\/\/zam.novoterm.pl\/index.php\/wp-json\/wp\/v2\/product"}],"about":[{"href":"https:\/\/zam.novoterm.pl\/index.php\/wp-json\/wp\/v2\/types\/product"}],"replies":[{"embeddable":true,"href":"https:\/\/zam.novoterm.pl\/index.php\/wp-json\/wp\/v2\/comments?post=105639"}],"wp:featuredmedia":[{"embeddable":true,"href":"https:\/\/zam.novoterm.pl\/index.php\/wp-json\/wp\/v2\/media\/127160"}],"wp:attachment":[{"href":"https:\/\/zam.novoterm.pl\/index.php\/wp-json\/wp\/v2\/media?parent=105639"}],"wp:term":[{"taxonomy":"product_cat","embeddable":true,"href":"https:\/\/zam.novoterm.pl\/index.php\/wp-json\/wp\/v2\/product_cat?post=105639"},{"taxonomy":"product_tag","embeddable":true,"href":"https:\/\/zam.novoterm.pl\/index.php\/wp-json\/wp\/v2\/product_tag?post=105639"}],"curies":[{"name":"wp","href":"https:\/\/api.w.org\/{rel}","templated":true}]}}