{"id":104075,"date":"2023-11-13T19:00:38","date_gmt":"2023-11-13T18:00:38","guid":{"rendered":"https:\/\/zam.novoterm.pl\/index.php\/produkt\/wlacznik-cisnieniowy-do-przeplywowego-ogrzewacza-wody-novoterm-fat-35\/"},"modified":"2026-04-08T18:11:24","modified_gmt":"2026-04-08T16:11:24","slug":"wlacznik-cisnieniowy-do-przeplywowego-ogrzewacza-wody-novoterm-fat-35","status":"publish","type":"product","link":"https:\/\/zam.novoterm.pl\/index.php\/produkt\/wlacznik-cisnieniowy-do-przeplywowego-ogrzewacza-wody-novoterm-fat-35\/","title":{"rendered":"w\u0142\u0105cznik ci\u015bnieniowy do przep\u0142ywowego ogrzewacza wody Novoterm &#8222;FAT 3,5&#8221;"},"content":{"rendered":"","protected":false},"excerpt":{"rendered":"","protected":false},"featured_media":127086,"comment_status":"closed","ping_status":"open","template":"","meta":[],"product_cat":[728,745],"product_tag":[],"_links":{"self":[{"href":"https:\/\/zam.novoterm.pl\/index.php\/wp-json\/wp\/v2\/product\/104075"}],"collection":[{"href":"https:\/\/zam.novoterm.pl\/index.php\/wp-json\/wp\/v2\/product"}],"about":[{"href":"https:\/\/zam.novoterm.pl\/index.php\/wp-json\/wp\/v2\/types\/product"}],"replies":[{"embeddable":true,"href":"https:\/\/zam.novoterm.pl\/index.php\/wp-json\/wp\/v2\/comments?post=104075"}],"wp:featuredmedia":[{"embeddable":true,"href":"https:\/\/zam.novoterm.pl\/index.php\/wp-json\/wp\/v2\/media\/127086"}],"wp:attachment":[{"href":"https:\/\/zam.novoterm.pl\/index.php\/wp-json\/wp\/v2\/media?parent=104075"}],"wp:term":[{"taxonomy":"product_cat","embeddable":true,"href":"https:\/\/zam.novoterm.pl\/index.php\/wp-json\/wp\/v2\/product_cat?post=104075"},{"taxonomy":"product_tag","embeddable":true,"href":"https:\/\/zam.novoterm.pl\/index.php\/wp-json\/wp\/v2\/product_tag?post=104075"}],"curies":[{"name":"wp","href":"https:\/\/api.w.org\/{rel}","templated":true}]}}