{"id":104041,"date":"2023-11-13T19:00:22","date_gmt":"2023-11-13T18:00:22","guid":{"rendered":"https:\/\/zam.novoterm.pl\/index.php\/produkt\/mikrowlacznik-do-przeplywowego-ogrzewacza-wody-novoterm-fat-55\/"},"modified":"2026-04-08T01:20:22","modified_gmt":"2026-04-07T23:20:22","slug":"mikrowlacznik-do-przeplywowego-ogrzewacza-wody-novoterm-fat-55","status":"publish","type":"product","link":"https:\/\/zam.novoterm.pl\/index.php\/produkt\/mikrowlacznik-do-przeplywowego-ogrzewacza-wody-novoterm-fat-55\/","title":{"rendered":"mikrow\u0142\u0105cznik do przep\u0142ywowego ogrzewacza wody Novoterm &#8222;FAT 5,5&#8221;"},"content":{"rendered":"","protected":false},"excerpt":{"rendered":"","protected":false},"featured_media":127052,"comment_status":"closed","ping_status":"open","template":"","meta":[],"product_cat":[728,745],"product_tag":[],"_links":{"self":[{"href":"https:\/\/zam.novoterm.pl\/index.php\/wp-json\/wp\/v2\/product\/104041"}],"collection":[{"href":"https:\/\/zam.novoterm.pl\/index.php\/wp-json\/wp\/v2\/product"}],"about":[{"href":"https:\/\/zam.novoterm.pl\/index.php\/wp-json\/wp\/v2\/types\/product"}],"replies":[{"embeddable":true,"href":"https:\/\/zam.novoterm.pl\/index.php\/wp-json\/wp\/v2\/comments?post=104041"}],"wp:featuredmedia":[{"embeddable":true,"href":"https:\/\/zam.novoterm.pl\/index.php\/wp-json\/wp\/v2\/media\/127052"}],"wp:attachment":[{"href":"https:\/\/zam.novoterm.pl\/index.php\/wp-json\/wp\/v2\/media?parent=104041"}],"wp:term":[{"taxonomy":"product_cat","embeddable":true,"href":"https:\/\/zam.novoterm.pl\/index.php\/wp-json\/wp\/v2\/product_cat?post=104041"},{"taxonomy":"product_tag","embeddable":true,"href":"https:\/\/zam.novoterm.pl\/index.php\/wp-json\/wp\/v2\/product_tag?post=104041"}],"curies":[{"name":"wp","href":"https:\/\/api.w.org\/{rel}","templated":true}]}}