{"id":102131,"date":"2023-09-21T09:19:42","date_gmt":"2023-09-21T07:19:42","guid":{"rendered":"https:\/\/zam.novoterm.pl\/index.php\/produkt\/brodzik-prysznicowy-polokragly-90x90-r-55-15-cm\/"},"modified":"2026-04-08T01:40:17","modified_gmt":"2026-04-07T23:40:17","slug":"brodzik-prysznicowy-polokragly-90x90-r-55-15-cm","status":"publish","type":"product","link":"https:\/\/zam.novoterm.pl\/index.php\/produkt\/brodzik-prysznicowy-polokragly-90x90-r-55-15-cm\/","title":{"rendered":"Brodzik XN prysznicowy p\u00f3\u0142okr\u0105g\u0142y 90&#215;90 R 55 (15 CM)"},"content":{"rendered":"","protected":false},"excerpt":{"rendered":"","protected":false},"featured_media":126996,"comment_status":"closed","ping_status":"open","template":"","meta":[],"product_cat":[784,785,780,748],"product_tag":[],"_links":{"self":[{"href":"https:\/\/zam.novoterm.pl\/index.php\/wp-json\/wp\/v2\/product\/102131"}],"collection":[{"href":"https:\/\/zam.novoterm.pl\/index.php\/wp-json\/wp\/v2\/product"}],"about":[{"href":"https:\/\/zam.novoterm.pl\/index.php\/wp-json\/wp\/v2\/types\/product"}],"replies":[{"embeddable":true,"href":"https:\/\/zam.novoterm.pl\/index.php\/wp-json\/wp\/v2\/comments?post=102131"}],"wp:featuredmedia":[{"embeddable":true,"href":"https:\/\/zam.novoterm.pl\/index.php\/wp-json\/wp\/v2\/media\/126996"}],"wp:attachment":[{"href":"https:\/\/zam.novoterm.pl\/index.php\/wp-json\/wp\/v2\/media?parent=102131"}],"wp:term":[{"taxonomy":"product_cat","embeddable":true,"href":"https:\/\/zam.novoterm.pl\/index.php\/wp-json\/wp\/v2\/product_cat?post=102131"},{"taxonomy":"product_tag","embeddable":true,"href":"https:\/\/zam.novoterm.pl\/index.php\/wp-json\/wp\/v2\/product_tag?post=102131"}],"curies":[{"name":"wp","href":"https:\/\/api.w.org\/{rel}","templated":true}]}}