{"id":102129,"date":"2023-09-21T09:19:40","date_gmt":"2023-09-21T07:19:40","guid":{"rendered":"https:\/\/zam.novoterm.pl\/index.php\/produkt\/brodzik-prysznicowy-polokragly-80x80-r-55-15-cm\/"},"modified":"2026-04-08T01:40:16","modified_gmt":"2026-04-07T23:40:16","slug":"brodzik-prysznicowy-polokragly-80x80-r-55-15-cm","status":"publish","type":"product","link":"https:\/\/zam.novoterm.pl\/index.php\/produkt\/brodzik-prysznicowy-polokragly-80x80-r-55-15-cm\/","title":{"rendered":"Brodzik XN prysznicowy p\u00f3\u0142okr\u0105g\u0142y 80&#215;80 R 55 (15 CM)"},"content":{"rendered":"","protected":false},"excerpt":{"rendered":"","protected":false},"featured_media":126993,"comment_status":"closed","ping_status":"open","template":"","meta":[],"product_cat":[784,785,780,748],"product_tag":[],"_links":{"self":[{"href":"https:\/\/zam.novoterm.pl\/index.php\/wp-json\/wp\/v2\/product\/102129"}],"collection":[{"href":"https:\/\/zam.novoterm.pl\/index.php\/wp-json\/wp\/v2\/product"}],"about":[{"href":"https:\/\/zam.novoterm.pl\/index.php\/wp-json\/wp\/v2\/types\/product"}],"replies":[{"embeddable":true,"href":"https:\/\/zam.novoterm.pl\/index.php\/wp-json\/wp\/v2\/comments?post=102129"}],"wp:featuredmedia":[{"embeddable":true,"href":"https:\/\/zam.novoterm.pl\/index.php\/wp-json\/wp\/v2\/media\/126993"}],"wp:attachment":[{"href":"https:\/\/zam.novoterm.pl\/index.php\/wp-json\/wp\/v2\/media?parent=102129"}],"wp:term":[{"taxonomy":"product_cat","embeddable":true,"href":"https:\/\/zam.novoterm.pl\/index.php\/wp-json\/wp\/v2\/product_cat?post=102129"},{"taxonomy":"product_tag","embeddable":true,"href":"https:\/\/zam.novoterm.pl\/index.php\/wp-json\/wp\/v2\/product_tag?post=102129"}],"curies":[{"name":"wp","href":"https:\/\/api.w.org\/{rel}","templated":true}]}}