{"id":102106,"date":"2023-09-21T09:19:31","date_gmt":"2023-09-21T07:19:31","guid":{"rendered":"https:\/\/zam.novoterm.pl\/index.php\/produkt\/glowica-przelacznika-funkcji-do-kabiny-hydromasazowej-kerra-tuluza-sena-maxi\/"},"modified":"2026-04-15T01:10:52","modified_gmt":"2026-04-14T23:10:52","slug":"glowica-przelacznika-funkcji-do-kabiny-hydromasazowej-kerra-tuluza-sena-maxi","status":"publish","type":"product","link":"https:\/\/zam.novoterm.pl\/index.php\/produkt\/glowica-przelacznika-funkcji-do-kabiny-hydromasazowej-kerra-tuluza-sena-maxi\/","title":{"rendered":"g\u0142owica prze\u0142\u0105cznika funkcji do kabiny hydromasa\u017cowej Kerra &#8222;Tuluza\/Sena\/Maxi&#8221;"},"content":{"rendered":"","protected":false},"excerpt":{"rendered":"","protected":false},"featured_media":126979,"comment_status":"closed","ping_status":"open","template":"","meta":[],"product_cat":[728,731],"product_tag":[],"_links":{"self":[{"href":"https:\/\/zam.novoterm.pl\/index.php\/wp-json\/wp\/v2\/product\/102106"}],"collection":[{"href":"https:\/\/zam.novoterm.pl\/index.php\/wp-json\/wp\/v2\/product"}],"about":[{"href":"https:\/\/zam.novoterm.pl\/index.php\/wp-json\/wp\/v2\/types\/product"}],"replies":[{"embeddable":true,"href":"https:\/\/zam.novoterm.pl\/index.php\/wp-json\/wp\/v2\/comments?post=102106"}],"wp:featuredmedia":[{"embeddable":true,"href":"https:\/\/zam.novoterm.pl\/index.php\/wp-json\/wp\/v2\/media\/126979"}],"wp:attachment":[{"href":"https:\/\/zam.novoterm.pl\/index.php\/wp-json\/wp\/v2\/media?parent=102106"}],"wp:term":[{"taxonomy":"product_cat","embeddable":true,"href":"https:\/\/zam.novoterm.pl\/index.php\/wp-json\/wp\/v2\/product_cat?post=102106"},{"taxonomy":"product_tag","embeddable":true,"href":"https:\/\/zam.novoterm.pl\/index.php\/wp-json\/wp\/v2\/product_tag?post=102106"}],"curies":[{"name":"wp","href":"https:\/\/api.w.org\/{rel}","templated":true}]}}