{"id":102102,"date":"2023-09-21T09:19:28","date_gmt":"2023-09-21T07:19:28","guid":{"rendered":"https:\/\/zam.novoterm.pl\/index.php\/produkt\/plytka-glowna-sterujaca-wersja-2-do-okapu-kuchennego-focus-modo\/"},"modified":"2026-04-08T18:11:10","modified_gmt":"2026-04-08T16:11:10","slug":"plytka-glowna-sterujaca-wersja-2-do-okapu-kuchennego-focus-modo","status":"publish","type":"product","link":"https:\/\/zam.novoterm.pl\/index.php\/produkt\/plytka-glowna-sterujaca-wersja-2-do-okapu-kuchennego-focus-modo\/","title":{"rendered":"p\u0142ytka g\u0142\u00f3wna\/steruj\u0105ca wersja 2 do okapu kuchennego Focus &#8222;Modo&#8221;"},"content":{"rendered":"","protected":false},"excerpt":{"rendered":"","protected":false},"featured_media":126976,"comment_status":"closed","ping_status":"open","template":"","meta":[],"product_cat":[842,728],"product_tag":[],"_links":{"self":[{"href":"https:\/\/zam.novoterm.pl\/index.php\/wp-json\/wp\/v2\/product\/102102"}],"collection":[{"href":"https:\/\/zam.novoterm.pl\/index.php\/wp-json\/wp\/v2\/product"}],"about":[{"href":"https:\/\/zam.novoterm.pl\/index.php\/wp-json\/wp\/v2\/types\/product"}],"replies":[{"embeddable":true,"href":"https:\/\/zam.novoterm.pl\/index.php\/wp-json\/wp\/v2\/comments?post=102102"}],"wp:featuredmedia":[{"embeddable":true,"href":"https:\/\/zam.novoterm.pl\/index.php\/wp-json\/wp\/v2\/media\/126976"}],"wp:attachment":[{"href":"https:\/\/zam.novoterm.pl\/index.php\/wp-json\/wp\/v2\/media?parent=102102"}],"wp:term":[{"taxonomy":"product_cat","embeddable":true,"href":"https:\/\/zam.novoterm.pl\/index.php\/wp-json\/wp\/v2\/product_cat?post=102102"},{"taxonomy":"product_tag","embeddable":true,"href":"https:\/\/zam.novoterm.pl\/index.php\/wp-json\/wp\/v2\/product_tag?post=102102"}],"curies":[{"name":"wp","href":"https:\/\/api.w.org\/{rel}","templated":true}]}}