{"id":102100,"date":"2023-09-21T09:19:28","date_gmt":"2023-09-21T07:19:28","guid":{"rendered":"https:\/\/zam.novoterm.pl\/index.php\/produkt\/plytka-przelacznika-wersja-2-do-okapu-kuchennego-focus-spirit\/"},"modified":"2026-04-15T08:14:31","modified_gmt":"2026-04-15T06:14:31","slug":"plytka-przelacznika-wersja-2-do-okapu-kuchennego-focus-spirit","status":"publish","type":"product","link":"https:\/\/zam.novoterm.pl\/index.php\/produkt\/plytka-przelacznika-wersja-2-do-okapu-kuchennego-focus-spirit\/","title":{"rendered":"p\u0142ytka prze\u0142\u0105cznika wersja 2 do okapu kuchennego Focus &#8222;Spirit&#8221;"},"content":{"rendered":"","protected":false},"excerpt":{"rendered":"","protected":false},"featured_media":126974,"comment_status":"closed","ping_status":"open","template":"","meta":[],"product_cat":[842,728],"product_tag":[],"_links":{"self":[{"href":"https:\/\/zam.novoterm.pl\/index.php\/wp-json\/wp\/v2\/product\/102100"}],"collection":[{"href":"https:\/\/zam.novoterm.pl\/index.php\/wp-json\/wp\/v2\/product"}],"about":[{"href":"https:\/\/zam.novoterm.pl\/index.php\/wp-json\/wp\/v2\/types\/product"}],"replies":[{"embeddable":true,"href":"https:\/\/zam.novoterm.pl\/index.php\/wp-json\/wp\/v2\/comments?post=102100"}],"wp:featuredmedia":[{"embeddable":true,"href":"https:\/\/zam.novoterm.pl\/index.php\/wp-json\/wp\/v2\/media\/126974"}],"wp:attachment":[{"href":"https:\/\/zam.novoterm.pl\/index.php\/wp-json\/wp\/v2\/media?parent=102100"}],"wp:term":[{"taxonomy":"product_cat","embeddable":true,"href":"https:\/\/zam.novoterm.pl\/index.php\/wp-json\/wp\/v2\/product_cat?post=102100"},{"taxonomy":"product_tag","embeddable":true,"href":"https:\/\/zam.novoterm.pl\/index.php\/wp-json\/wp\/v2\/product_tag?post=102100"}],"curies":[{"name":"wp","href":"https:\/\/api.w.org\/{rel}","templated":true}]}}