{"id":101631,"date":"2023-09-21T09:14:08","date_gmt":"2023-09-21T07:14:08","guid":{"rendered":"https:\/\/zam.novoterm.pl\/index.php\/produkt\/zawor-napelniajacy-do-kompaktu-wc-kerra-c-clear-aqua\/"},"modified":"2026-04-08T01:21:41","modified_gmt":"2026-04-07T23:21:41","slug":"zawor-napelniajacy-do-kompaktu-wc-kerra-c-clear-aqua","status":"publish","type":"product","link":"https:\/\/zam.novoterm.pl\/index.php\/produkt\/zawor-napelniajacy-do-kompaktu-wc-kerra-c-clear-aqua\/","title":{"rendered":"zaw\u00f3r nape\u0142niaj\u0105cy do kompaktu WC Kerra &#8222;C-Clear\/Aqua&#8221;"},"content":{"rendered":"","protected":false},"excerpt":{"rendered":"","protected":false},"featured_media":130848,"comment_status":"closed","ping_status":"open","template":"","meta":[],"product_cat":[744,728],"product_tag":[],"_links":{"self":[{"href":"https:\/\/zam.novoterm.pl\/index.php\/wp-json\/wp\/v2\/product\/101631"}],"collection":[{"href":"https:\/\/zam.novoterm.pl\/index.php\/wp-json\/wp\/v2\/product"}],"about":[{"href":"https:\/\/zam.novoterm.pl\/index.php\/wp-json\/wp\/v2\/types\/product"}],"replies":[{"embeddable":true,"href":"https:\/\/zam.novoterm.pl\/index.php\/wp-json\/wp\/v2\/comments?post=101631"}],"wp:featuredmedia":[{"embeddable":true,"href":"https:\/\/zam.novoterm.pl\/index.php\/wp-json\/wp\/v2\/media\/130848"}],"wp:attachment":[{"href":"https:\/\/zam.novoterm.pl\/index.php\/wp-json\/wp\/v2\/media?parent=101631"}],"wp:term":[{"taxonomy":"product_cat","embeddable":true,"href":"https:\/\/zam.novoterm.pl\/index.php\/wp-json\/wp\/v2\/product_cat?post=101631"},{"taxonomy":"product_tag","embeddable":true,"href":"https:\/\/zam.novoterm.pl\/index.php\/wp-json\/wp\/v2\/product_tag?post=101631"}],"curies":[{"name":"wp","href":"https:\/\/api.w.org\/{rel}","templated":true}]}}